{"id":31731,"date":"2025-01-14T08:58:52","date_gmt":"2025-01-14T07:58:52","guid":{"rendered":"https:\/\/dev.groupe-charmettes.ch\/ruey-termoplan\/"},"modified":"2025-08-25T08:15:10","modified_gmt":"2025-08-25T06:15:10","slug":"ruey-termoplan","status":"publish","type":"page","link":"https:\/\/dev.groupe-charmettes.ch\/de\/ruey-termoplan\/","title":{"rendered":"Ruey-Termoplan"},"content":{"rendered":"<p>[et_pb_section fb_built=&#8220;1&#8243; module_class=&#8220;hero-degrade-md&#8220; _builder_version=&#8220;4.27.4&#8243; _module_preset=&#8220;default&#8220; background_enable_color=&#8220;off&#8220; background_enable_image=&#8220;off&#8220; background_video_mp4=&#8220;https:\/\/dev.groupe-charmettes.ch\/wp-content\/uploads\/2025\/01\/Celsa_bandeau_renens_v2.mov&#8220; min_height=&#8220;90vh&#8220; min_height_tablet=&#8220;100vh&#8220; min_height_phone=&#8220;40vh&#8220; min_height_last_edited=&#8220;on|tablet&#8220; custom_margin=&#8220;0px||0px||false|false&#8220; custom_padding=&#8220;0px||0px||false|false&#8220; hover_enabled=&#8220;0&#8243; global_colors_info=&#8220;{}&#8220; sticky_enabled=&#8220;0&#8243;][\/et_pb_section][et_pb_section fb_built=&#8220;1&#8243; custom_padding_last_edited=&#8220;on|phone&#8220; _builder_version=&#8220;4.27.4&#8243; _module_preset=&#8220;default&#8220; background_color=&#8220;#1C4540&#8243; custom_margin=&#8220;0px||0px||false|false&#8220; custom_padding=&#8220;20px||20px||false|false&#8220; custom_padding_tablet=&#8220;&#8220; custom_padding_phone=&#8220;10px||||false|false&#8220; global_colors_info=&#8220;{}&#8220;][et_pb_row custom_padding_last_edited=&#8220;on|phone&#8220; _builder_version=&#8220;4.27.4&#8243; _module_preset=&#8220;default&#8220; custom_padding_tablet=&#8220;&#8220; custom_padding_phone=&#8220;15px||5px||false|false&#8220; global_colors_info=&#8220;{}&#8220;][et_pb_column type=&#8220;4_4&#8243; _builder_version=&#8220;4.27.4&#8243; _module_preset=&#8220;default&#8220; global_colors_info=&#8220;{}&#8220;][et_pb_text content_tablet=&#8220;<\/p>\n<h1><strong>Ruey-Termoplan<\/strong><\/h1>\n<p><span>Ihr Partner f\u00fcr Heiz\u00f6l und Kraftstoffe in der Region Waadt.<\/span><\/p>\n<p>&#8220; content_phone=&#8220;<\/p>\n<h1><strong>Ruey-Termoplan<\/strong><\/h1>\n<p><span>Ihr Partner f\u00fcr Heiz\u00f6l und Kraftstoffe in der Region Waadt.<\/span><\/p>\n<p>&#8220; content_last_edited=&#8220;on|phone&#8220; _builder_version=&#8220;4.27.4&#8243; _module_preset=&#8220;default&#8220; text_text_color=&#8220;#F3F4EE&#8220; text_font_size=&#8220;26px&#8220; text_line_height=&#8220;1.1em&#8220; header_text_color=&#8220;#F3F4EE&#8220; header_font_size=&#8220;65px&#8220; text_font_size_tablet=&#8220;&#8220; text_font_size_phone=&#8220;18px&#8220; text_font_size_last_edited=&#8220;on|phone&#8220; header_font_size_tablet=&#8220;45px&#8220; header_font_size_phone=&#8220;27px&#8220; header_font_size_last_edited=&#8220;on|phone&#8220; custom_css_free_form=&#8220;.et_pb_text h1 {||    margin-bottom: 10px;||}&#8220; global_colors_info=&#8220;{}&#8220;]<\/p>\n<h1><strong>Ruey-Termoplan<\/strong><\/h1>\n<p><span>Ihr Partner f\u00fcr Heiz\u00f6l und Kraftstoffe in der Region Waadt.<\/span><\/p>\n<p>[\/et_pb_text][\/et_pb_column][\/et_pb_row][\/et_pb_section][et_pb_section fb_built=&#8220;1&#8243; custom_padding_last_edited=&#8220;on|desktop&#8220; _builder_version=&#8220;4.27.4&#8243; _module_preset=&#8220;default&#8220; background_color=&#8220;#F3F4EE&#8220; custom_padding=&#8220;50px||||false|false&#8220; custom_padding_tablet=&#8220;30px||||false|false&#8220; custom_padding_phone=&#8220;10px||||false|false&#8220; global_colors_info=&#8220;{}&#8220;][et_pb_row custom_padding_last_edited=&#8220;on|phone&#8220; _builder_version=&#8220;4.27.4&#8243; _module_preset=&#8220;default&#8220; custom_margin=&#8220;||||false|false&#8220; custom_padding=&#8220;0px||60px||false|false&#8220; custom_padding_tablet=&#8220;0px||0px||false|false&#8220; custom_padding_phone=&#8220;0px||5%||false|false&#8220; global_colors_info=&#8220;{}&#8220;][et_pb_column type=&#8220;4_4&#8243; _builder_version=&#8220;4.27.4&#8243; _module_preset=&#8220;default&#8220; global_colors_info=&#8220;{}&#8220;][et_pb_text content_tablet=&#8220;<\/p>\n<h2><span>Das Unternehmen<\/span><span><\/span><\/h2>\n<p>Ruey Termoplan mit Sitz in Renens ist Ihr zuverl\u00e4ssiger Partner f\u00fcr die Versorgung mit Heiz\u00f6l und Treibstoffen im gesamten Kanton Waadt. Wir bieten einen reaktiven und kundennahen Service, der auf die Bed\u00fcrfnisse von Privatpersonen und Unternehmen zugeschnitten ist. <\/p>\n<p>Um diese T\u00e4tigkeit zu vervollst\u00e4ndigen arbeiten wir mit Checkciternes zusammen, einem Spezialisten f\u00fcr die Installation, Revision und Au\u00dferbetriebnahme von Tanks.<\/p>\n<p>&#8220; content_phone=&#8220;<\/p>\n<h2><span>Das Unternehmen<\/span><span><\/span><\/h2>\n<p>Ruey Termoplan mit Sitz in Renens ist Ihr zuverl\u00e4ssiger Partner f\u00fcr die Versorgung mit Heiz\u00f6l und Treibstoffen im gesamten Kanton Waadt. Wir bieten einen reaktiven und kundennahen Service, der auf die Bed\u00fcrfnisse von Privatpersonen und Unternehmen zugeschnitten ist. <\/p>\n<p>Um diese T\u00e4tigkeit zu vervollst\u00e4ndigen arbeiten wir mit Checkciternes zusammen, einem Spezialisten f\u00fcr die Installation, Revision und Au\u00dferbetriebnahme von Tanks.<\/p>\n<p>&#8220; content_last_edited=&#8220;on|desktop&#8220; _builder_version=&#8220;4.27.4&#8243; _module_preset=&#8220;default&#8220; text_font=&#8220;|300|||||||&#8220; header_2_font=&#8220;|600|||||||&#8220; custom_padding=&#8220;||0px|||&#8220; header_2_font_size_tablet=&#8220;&#8220; header_2_font_size_phone=&#8220;24px&#8220; header_2_font_size_last_edited=&#8220;on|phone&#8220; custom_css_free_form=&#8220;.et_pb_text h2 {||    margin-bottom: 10px;||}||.et_pb_text h2 {||    margin-top: 23px;||}&#8220; global_colors_info=&#8220;{}&#8220;]<\/p>\n<h2><span>Das Unternehmen<\/span><span><\/span><\/h2>\n<p>Ruey Termoplan mit Sitz in Renens ist Ihr zuverl\u00e4ssiger Partner f\u00fcr die Versorgung mit Heiz\u00f6l und Treibstoffen im gesamten Kanton Waadt. Wir bieten einen reaktiven und kundennahen Service, der auf die Bed\u00fcrfnisse von Privatpersonen und Unternehmen zugeschnitten ist. <\/p>\n<p>Um diese T\u00e4tigkeit zu vervollst\u00e4ndigen arbeiten wir mit <span style=\"text-decoration: underline;\"><a href=\"https:\/\/dev.groupe-charmettes.ch\/de\/tankrevision\/\">Checkciternes<\/a><\/span> zusammen, einem Spezialisten f\u00fcr die Installation, Revision und Au\u00dferbetriebnahme von Tanks.<\/p>\n<p>[\/et_pb_text][\/et_pb_column][\/et_pb_row][et_pb_row custom_padding_last_edited=&#8220;on|phone&#8220; _builder_version=&#8220;4.27.4&#8243; _module_preset=&#8220;default&#8220; custom_margin=&#8220;||||false|false&#8220; custom_padding=&#8220;0px||0px||false|false&#8220; custom_padding_tablet=&#8220;0px||0px||false|false&#8220; custom_padding_phone=&#8220;0px||0px||false|false&#8220; global_colors_info=&#8220;{}&#8220;][et_pb_column type=&#8220;4_4&#8243; _builder_version=&#8220;4.27.4&#8243; _module_preset=&#8220;default&#8220; global_colors_info=&#8220;{}&#8220;][et_pb_text content_tablet=&#8220;<\/p>\n<h2><span>Unser Unternehmen<\/span><\/h2>\n<p><span><\/span><\/p>\n<p><span><\/span>Das 2013 aus der Fusion von Celsa Produits P\u00e9troliers SA und Groupe Charmettes SA entstandene Unternehmen Celsa-Charmettes kann auf fast ein Jahrhundert Erfahrung zur\u00fcckblicken, da seine Urspr\u00fcnge bis ins Jahr 1922 in Freiburg zur\u00fcckreichen. Dieses konsolidierte Know-how erm\u00f6glicht es uns, zuverl\u00e4ssige L\u00f6sungen in den Bereichen Heizung, Kraftstoffe und Dienstleistungen rund um Tanks anzubieten. <\/p>\n<p>Unser Unternehmen bildet zusammen mit mehreren Filialen eine Gruppe, um regional besser auf die Bed\u00fcrfnisse unserer Kunden reagieren zu k\u00f6nnen :<\/p>\n<ul>\n<li>Ruey-Termoplan in Renens VD<\/li>\n<li>Margot Mazout in B\u00f4le NE<\/li>\n<li><span>CIBUSA R\u00e9vision et nettoyage de citernes in Bulle<\/span><\/li>\n<li>Checkciternes <span>Checkciternes Service SA in Renens VD<\/span><\/li>\n<\/ul>\n<p>Dank dieser Struktur gew\u00e4hrleisten wir schnelle Lieferungen, umfassende Dienstleistungen und lokale Fachkompetenz in einem gro\u00dfen Gebiet der Westschweiz.<\/p>\n<\/p>\n<h2>Eine gro\u00dfe Vielfalt an Kunden<\/h2>\n<p>Jeden Tag bedienen wir eine Vielzahl von Kunden :<\/p>\n<ul>\n<li>Privatpersonen und Villenbesitzer<\/li>\n<li>Immobilienverwaltungen und Industrie<\/li>\n<li>Landwirte, Transport- und Bauunternehmen<\/li>\n<\/ul>\n<h2>Ein umfassender Dienst<\/h2>\n<p>Neben der Lieferung von Brenn- und Kraftstoffen bieten wir auch spezialisierte Dienstleistungen an, darunter :<\/p>\n<ul>\n<li>Revision und Reinigung von Tanks<\/li>\n<li>Installation neuer Tanks<\/li>\n<li>Au\u00dferbetriebnahme und Anpassung<\/li>\n<\/ul>\n<p>Diese Dienstleistungen werden von unseren spezialisierten Teams in Cibusa und Checkcitern erbracht.<\/p>\n<\/p>\n<h2>Unsere Werte<\/h2>\n<p>P\u00fcnktlichkeit, Fachwissen und Hilfsbereitschaft sind f\u00fcr uns zentrale Werte, die f\u00fcr den Aufbau eines dauerhaften Vertrauensverh\u00e4ltnisses zu unseren Kunden unerl\u00e4sslich sind.<\/p>\n<p>&#8220; content_phone=&#8220;<\/p>\n<h2><span>Unser Unternehmen<\/span><\/h2>\n<p><span><\/span>Das 2013 aus der Fusion von Celsa Produits P\u00e9troliers SA und Groupe Charmettes SA entstandene Unternehmen Celsa-Charmettes kann auf fast ein Jahrhundert Erfahrung zur\u00fcckblicken, da seine Urspr\u00fcnge bis ins Jahr 1922 in Freiburg zur\u00fcckreichen. Dieses konsolidierte Know-how erm\u00f6glicht es uns, zuverl\u00e4ssige L\u00f6sungen in den Bereichen Heizung, Kraftstoffe und Dienstleistungen rund um Tanks anzubieten. <\/p>\n<p>Unser Unternehmen bildet zusammen mit mehreren Filialen eine Gruppe, um regional besser auf die Bed\u00fcrfnisse unserer Kunden reagieren zu k\u00f6nnen :<\/p>\n<ul>\n<li>Ruey-Termoplan in Renens VD<\/li>\n<li>Margot Mazout in B\u00f4le NE<\/li>\n<li><span>CIBUSA R\u00e9vision et nettoyage de citernes in Bulle<\/span><\/li>\n<li>Checkciternes <span>Checkciternes Service SA in Renens VD<\/span><\/li>\n<\/ul>\n<p>Dank dieser Struktur gew\u00e4hrleisten wir schnelle Lieferungen, umfassende Dienstleistungen und lokale Fachkompetenz in einem gro\u00dfen Gebiet der Westschweiz.<\/p>\n<h2>Eine gro\u00dfe Vielfalt an Kunden<\/h2>\n<p>Jeden Tag bedienen wir eine Vielzahl von Kunden :<\/p>\n<ul>\n<li>Privatpersonen und Villenbesitzer<\/li>\n<li>Immobilienverwaltungen und Industrie<\/li>\n<li>Landwirte, Transport- und Bauunternehmen<\/li>\n<\/ul>\n<h2>Ein umfassender Dienst<\/h2>\n<p>Neben der Lieferung von Brenn- und Kraftstoffen bieten wir auch spezialisierte Dienstleistungen an, darunter :<\/p>\n<ul>\n<li>Revision und Reinigung von Tanks<\/li>\n<li>Installation neuer Tanks<\/li>\n<li>Au\u00dferbetriebnahme und Anpassung<\/li>\n<\/ul>\n<p>Diese Dienstleistungen werden von unseren spezialisierten Teams in Cibusa und Checkcitern erbracht.<\/p>\n<h2>Unsere Werte<\/h2>\n<p>P\u00fcnktlichkeit, Fachwissen und Hilfsbereitschaft sind f\u00fcr uns zentrale Werte, die f\u00fcr den Aufbau eines dauerhaften Vertrauensverh\u00e4ltnisses zu unseren Kunden unerl\u00e4sslich sind.<\/p>\n<p>&#8220; content_last_edited=&#8220;off|tablet&#8220; _builder_version=&#8220;4.27.4&#8243; _module_preset=&#8220;default&#8220; text_font=&#8220;|300|||||||&#8220; header_2_font=&#8220;|600|||||||&#8220; header_2_font_size_tablet=&#8220;&#8220; header_2_font_size_phone=&#8220;24px&#8220; header_2_font_size_last_edited=&#8220;on|phone&#8220; custom_css_free_form=&#8220;.et_pb_text h2 {||    margin-bottom: 10px;||}||.et_pb_text h2 {||    margin-top: 23px;||}&#8220; global_colors_info=&#8220;{}&#8220;]<\/p>\n<h2>Brauchen Sie eine Auskunft?<\/h2>\n<p>Wir stehen Ihnen gerne zur Verf\u00fcgung, z\u00f6gern Sie nicht, uns zu kontaktieren!<\/p>\n<p>[\/et_pb_text][et_pb_button button_url=&#8220;tel:0041213310808&#8243; button_text=&#8220;021 331 08 08&#8243; button_alignment_tablet=&#8220;&#8220; button_alignment_phone=&#8220;center&#8220; button_alignment_last_edited=&#8220;on|phone&#8220; _builder_version=&#8220;4.27.4&#8243; _module_preset=&#8220;default&#8220; custom_button=&#8220;on&#8220; button_text_color=&#8220;#F3F4EE&#8220; button_bg_color=&#8220;#47787A&#8220; button_border_radius=&#8220;66px&#8220; button_use_icon=&#8220;off&#8220; custom_margin=&#8220;||2%||false|false&#8220; custom_margin_tablet=&#8220;||2%||false|false&#8220; custom_margin_phone=&#8220;||5%||false|false&#8220; custom_margin_last_edited=&#8220;on|phone&#8220; button_text_size_tablet=&#8220;&#8220; button_text_size_phone=&#8220;18px&#8220; button_text_size_last_edited=&#8220;on|phone&#8220; global_colors_info=&#8220;{}&#8220; button_bg_color__hover_enabled=&#8220;on|desktop&#8220; button_bg_color__hover=&#8220;#FED201&#8243; button_bg_enable_color__hover=&#8220;on&#8220;][\/et_pb_button][et_pb_button button_url=&#8220;mailto:info@ruey-termoplan.ch&#8220; button_text=&#8220;info@ruey-termoplan.ch&#8220; button_alignment_tablet=&#8220;&#8220; button_alignment_phone=&#8220;center&#8220; button_alignment_last_edited=&#8220;on|phone&#8220; _builder_version=&#8220;4.27.4&#8243; _module_preset=&#8220;default&#8220; custom_button=&#8220;on&#8220; button_text_color=&#8220;#F3F4EE&#8220; button_bg_color=&#8220;#47787A&#8220; button_border_radius=&#8220;66px&#8220; button_use_icon=&#8220;off&#8220; button_text_size_tablet=&#8220;&#8220; button_text_size_phone=&#8220;18px&#8220; button_text_size_last_edited=&#8220;on|phone&#8220; global_colors_info=&#8220;{}&#8220; button_bg_color__hover_enabled=&#8220;on|desktop&#8220; button_bg_color__hover=&#8220;#FED201&#8243; button_bg_enable_color__hover=&#8220;on&#8220;][\/et_pb_button][\/et_pb_column][\/et_pb_row][\/et_pb_section]<\/p>\n","protected":false},"excerpt":{"rendered":"<p>Ruey-Termoplan Ihr Partner f\u00fcr Heiz\u00f6l und Kraftstoffe in der Region Waadt.Das Unternehmen Ruey Termoplan mit Sitz in Renens ist Ihr zuverl\u00e4ssiger Partner f\u00fcr die Versorgung mit Heiz\u00f6l und Treibstoffen im gesamten Kanton Waadt. Wir bieten einen reaktiven und kundennahen Service, der auf die Bed\u00fcrfnisse von Privatpersonen und Unternehmen zugeschnitten ist. Um diese T\u00e4tigkeit zu vervollst\u00e4ndigen [&hellip;]<\/p>\n","protected":false},"author":3,"featured_media":0,"parent":0,"menu_order":0,"comment_status":"closed","ping_status":"closed","template":"","meta":{"_et_pb_use_builder":"on","_et_pb_old_content":"","_et_gb_content_width":"","footnotes":""},"class_list":["post-31731","page","type-page","status-publish","hentry"],"_links":{"self":[{"href":"https:\/\/dev.groupe-charmettes.ch\/de\/wp-json\/wp\/v2\/pages\/31731","targetHints":{"allow":["GET"]}}],"collection":[{"href":"https:\/\/dev.groupe-charmettes.ch\/de\/wp-json\/wp\/v2\/pages"}],"about":[{"href":"https:\/\/dev.groupe-charmettes.ch\/de\/wp-json\/wp\/v2\/types\/page"}],"author":[{"embeddable":true,"href":"https:\/\/dev.groupe-charmettes.ch\/de\/wp-json\/wp\/v2\/users\/3"}],"replies":[{"embeddable":true,"href":"https:\/\/dev.groupe-charmettes.ch\/de\/wp-json\/wp\/v2\/comments?post=31731"}],"version-history":[{"count":16,"href":"https:\/\/dev.groupe-charmettes.ch\/de\/wp-json\/wp\/v2\/pages\/31731\/revisions"}],"predecessor-version":[{"id":34461,"href":"https:\/\/dev.groupe-charmettes.ch\/de\/wp-json\/wp\/v2\/pages\/31731\/revisions\/34461"}],"wp:attachment":[{"href":"https:\/\/dev.groupe-charmettes.ch\/de\/wp-json\/wp\/v2\/media?parent=31731"}],"curies":[{"name":"wp","href":"https:\/\/api.w.org\/{rel}","templated":true}]}}