{"id":31725,"date":"2025-02-03T13:44:59","date_gmt":"2025-02-03T12:44:59","guid":{"rendered":"https:\/\/dev.groupe-charmettes.ch\/formular-tankrevision\/"},"modified":"2026-03-04T08:46:37","modified_gmt":"2026-03-04T07:46:37","slug":"formular-tankrevision","status":"publish","type":"page","link":"https:\/\/dev.groupe-charmettes.ch\/de\/formular-tankrevision\/","title":{"rendered":"Offertanfrage \u2013 Tankrevision"},"content":{"rendered":"<p>[et_pb_section fb_built=&#8220;1&#8243; module_class=&#8220;hero-degrade-lg&#8220; _builder_version=&#8220;4.27.4&#8243; _module_preset=&#8220;default&#8220; background_enable_color=&#8220;off&#8220; background_image=&#8220;https:\/\/dev.groupe-charmettes.ch\/wp-content\/uploads\/2025\/01\/Revision-de-citerne.webp&#8220; background_enable_video_mp4=&#8220;off&#8220; min_height=&#8220;68vh&#8220; min_height_tablet=&#8220;100vh&#8220; min_height_phone=&#8220;40vh&#8220; min_height_last_edited=&#8220;on|tablet&#8220; custom_margin=&#8220;0px||0px||false|false&#8220; custom_padding=&#8220;0px||0px||false|false&#8220; global_colors_info=&#8220;{}&#8220;][\/et_pb_section][et_pb_section fb_built=&#8220;1&#8243; custom_padding_last_edited=&#8220;on|phone&#8220; _builder_version=&#8220;4.27.4&#8243; _module_preset=&#8220;default&#8220; background_color=&#8220;#1C4540&#8243; custom_margin=&#8220;0px||0px||false|false&#8220; custom_padding=&#8220;20px||20px||false|false&#8220; custom_padding_tablet=&#8220;&#8220; custom_padding_phone=&#8220;10px||||false|false&#8220; global_colors_info=&#8220;{}&#8220;][et_pb_row custom_padding_last_edited=&#8220;on|phone&#8220; _builder_version=&#8220;4.27.4&#8243; _module_preset=&#8220;default&#8220; custom_padding_tablet=&#8220;&#8220; custom_padding_phone=&#8220;15px||5px||false|false&#8220; global_colors_info=&#8220;{}&#8220;][et_pb_column type=&#8220;4_4&#8243; _builder_version=&#8220;4.27.4&#8243; _module_preset=&#8220;default&#8220; global_colors_info=&#8220;{}&#8220;][et_pb_text content_tablet=&#8220;<\/p>\n<h1><strong>Celsa-Charmettes SA<\/strong><\/h1>\n<p><span>Ihr Partner f\u00fcr Heiz\u00f6l und Kraftstoffe seit \u00fcber 100 Jahren im Kanton Freiburg.<\/span><\/p>\n<p>&#8220; content_phone=&#8220;<\/p>\n<h1><strong>Celsa-Charmettes SA<\/strong><\/h1>\n<p><span>Ihr Partner f\u00fcr Heiz\u00f6l und Kraftstoffe seit \u00fcber 100 Jahren im Kanton Freiburg.<\/span><\/p>\n<p>&#8220; content_last_edited=&#8220;off|desktop&#8220; _builder_version=&#8220;4.27.4&#8243; _module_preset=&#8220;default&#8220; text_text_color=&#8220;#F3F4EE&#8220; text_font_size=&#8220;26px&#8220; text_line_height=&#8220;1.1em&#8220; header_text_color=&#8220;#F3F4EE&#8220; header_font_size=&#8220;65px&#8220; text_font_size_tablet=&#8220;&#8220; text_font_size_phone=&#8220;18px&#8220; text_font_size_last_edited=&#8220;on|phone&#8220; header_font_size_tablet=&#8220;45px&#8220; header_font_size_phone=&#8220;27px&#8220; header_font_size_last_edited=&#8220;on|phone&#8220; custom_css_free_form=&#8220;.et_pb_text h1 {||    margin-bottom: 10px;||}&#8220; global_colors_info=&#8220;{}&#8220;]<\/p>\n<h1><strong>Offertanfrage f\u00fcr die Revision Ihres Tanks<\/strong><\/h1>\n<p>[\/et_pb_text][\/et_pb_column][\/et_pb_row][\/et_pb_section][et_pb_section fb_built=&#8220;1&#8243; custom_padding_last_edited=&#8220;on|phone&#8220; _builder_version=&#8220;4.27.4&#8243; _module_preset=&#8220;default&#8220; background_color=&#8220;#F3F4EE&#8220; custom_margin=&#8220;||||false|false&#8220; custom_padding=&#8220;70px||||false|false&#8220; custom_padding_tablet=&#8220;70px||||false|false&#8220; custom_padding_phone=&#8220;30px||||false|false&#8220; global_colors_info=&#8220;{}&#8220;][et_pb_row _builder_version=&#8220;4.27.4&#8243; _module_preset=&#8220;default&#8220; custom_padding=&#8220;0px||19px||false|false&#8220; global_colors_info=&#8220;{}&#8220;][et_pb_column type=&#8220;4_4&#8243; _builder_version=&#8220;4.27.4&#8243; _module_preset=&#8220;default&#8220; global_colors_info=&#8220;{}&#8220;][et_pb_text _builder_version=&#8220;4.27.4&#8243; _module_preset=&#8220;default&#8220; header_2_font_size=&#8220;23px&#8220; global_colors_info=&#8220;{}&#8220;]<\/p>\n<p>F\u00fcllen Sie das untenstehende Formular aus, um eine unverbindliche Offerte f\u00fcr die Revision, die Installation oder die Au\u00dferbetriebnahme Ihres Tanks zu erhalten.<\/p>\n<p>[\/et_pb_text][et_pb_contact_form email=&#8220;eliott.hornisberger@celsa-charmettes.ch&#8220; custom_message=&#8220;Neue Offertanfrage &#8211; Cibusa \/ Checkciternes||et_pb_line_break_holder||||et_pb_line_break_holder||Nom : %%Name%%||et_pb_line_break_holder||||et_pb_line_break_holder||Adresse : %%Adresse%%||et_pb_line_break_holder||||et_pb_line_break_holder||NPA Localit\u00e9 : %%NPA_Localit\u00e9%%||et_pb_line_break_holder||||et_pb_line_break_holder||T\u00e9l\u00e9phone : %%Phone%%||et_pb_line_break_holder||||et_pb_line_break_holder||Adresse e-mail : %%E-mail%%||et_pb_line_break_holder||||et_pb_line_break_holder||Service souhait\u00e9 : %%Service%%||et_pb_line_break_holder||||et_pb_line_break_holder||Emplacement de la citerne : %%Emplacement_citerne%%||et_pb_line_break_holder||||et_pb_line_break_holder||Forme de la citerne : %%Forme_citerne%%||et_pb_line_break_holder||||et_pb_line_break_holder||Type de citerne : %%Type_citerne%%||et_pb_line_break_holder||||et_pb_line_break_holder||Taille de la citerne (en litres) : %%Taille_de_la_citerne%%||et_pb_line_break_holder||||et_pb_line_break_holder||Nombre de r\u00e9servoirs : %%Nombre_de_r\u00e9servoirs%%||et_pb_line_break_holder||||et_pb_line_break_holder||Quantit\u00e9 de produit restant (en litres) : %%Quantit\u00e9_de_produit_restant%%||et_pb_line_break_holder||||et_pb_line_break_holder||Derni\u00e8re r\u00e9vision : %%Derni\u00e8re_r\u00e9vision%%||et_pb_line_break_holder||||et_pb_line_break_holder||Remarque : %%Message%%&#8220; submit_button_text=&#8220;Senden&#8220; _builder_version=&#8220;4.27.4&#8243; _module_preset=&#8220;default&#8220; _unique_id=&#8220;bb972064-4f54-4681-8f2a-7101a58c3cf9&#8243; form_field_background_color=&#8220;RGBA(255,255,255,0)&#8220; form_field_text_color=&#8220;#1C4540&#8243; form_field_font_size=&#8220;18px&#8220; background_color=&#8220;RGBA(255,255,255,0)&#8220; custom_button=&#8220;on&#8220; button_text_color=&#8220;#F3F4EE&#8220; button_bg_color=&#8220;#47787A&#8220; button_border_width=&#8220;2px&#8220; button_border_radius=&#8220;62px&#8220; button_font=&#8220;&#8211;et_global_body_font|100|||||||&#8220; button_use_icon=&#8220;off&#8220; button_custom_padding=&#8220;|25px||25px|false|false&#8220; custom_padding=&#8220;|10%||10%|false|false&#8220; border_radii=&#8220;on|15px|15px|15px|15px&#8220; border_width_all=&#8220;1px&#8220; border_color_all=&#8220;rgba(28,69,64,0.34)&#8220; global_colors_info=&#8220;{}&#8220; button_bg_color__hover_enabled=&#8220;on|hover&#8220; button_bg_color__hover=&#8220;#FED201&#8243; button_bg_enable_color__hover=&#8220;on&#8220;][et_pb_contact_field field_id=&#8220;Name&#8220; field_title=&#8220;Name*&#8220; _builder_version=&#8220;4.27.4&#8243; form_field_background_color=&#8220;RGBA(255,255,255,0)&#8220; background_color=&#8220;RGBA(255,255,255,0)&#8220; background_enable_color=&#8220;on&#8220; border_radii=&#8220;on|15px|15px|15px|15px&#8220; global_colors_info=&#8220;{}&#8220; button_text_size__hover_enabled=&#8220;off&#8220; button_one_text_size__hover_enabled=&#8220;off&#8220; button_two_text_size__hover_enabled=&#8220;off&#8220; button_text_color__hover_enabled=&#8220;off&#8220; button_one_text_color__hover_enabled=&#8220;off&#8220; button_two_text_color__hover_enabled=&#8220;off&#8220; button_border_width__hover_enabled=&#8220;off&#8220; button_one_border_width__hover_enabled=&#8220;off&#8220; button_two_border_width__hover_enabled=&#8220;off&#8220; button_border_color__hover_enabled=&#8220;off&#8220; button_one_border_color__hover_enabled=&#8220;off&#8220; button_two_border_color__hover_enabled=&#8220;off&#8220; button_border_radius__hover_enabled=&#8220;off&#8220; button_one_border_radius__hover_enabled=&#8220;off&#8220; button_two_border_radius__hover_enabled=&#8220;off&#8220; button_letter_spacing__hover_enabled=&#8220;off&#8220; button_one_letter_spacing__hover_enabled=&#8220;off&#8220; button_two_letter_spacing__hover_enabled=&#8220;off&#8220; button_bg_color__hover_enabled=&#8220;off&#8220; button_one_bg_color__hover_enabled=&#8220;off&#8220; button_two_bg_color__hover_enabled=&#8220;off&#8220;][\/et_pb_contact_field][et_pb_contact_field field_id=&#8220;Adresse&#8220; field_title=&#8220;Adresse*&#8220; fullwidth_field=&#8220;on&#8220; _builder_version=&#8220;4.27.4&#8243; _module_preset=&#8220;default&#8220; global_colors_info=&#8220;{}&#8220;][\/et_pb_contact_field][et_pb_contact_field field_id=&#8220;NPA_Localit\u00e9&#8220; field_title=&#8220;PLZ Ort*&#8220; fullwidth_field=&#8220;on&#8220; _builder_version=&#8220;4.27.4&#8243; _module_preset=&#8220;default&#8220; global_colors_info=&#8220;{}&#8220;][\/et_pb_contact_field][et_pb_contact_field field_id=&#8220;Phone&#8220; field_title=&#8220;Telefon*&#8220; fullwidth_field=&#8220;on&#8220; _builder_version=&#8220;4.27.4&#8243; _module_preset=&#8220;default&#8220; global_colors_info=&#8220;{}&#8220;][\/et_pb_contact_field][et_pb_contact_field field_id=&#8220;E-mail&#8220; field_title=&#8220;E-Mail&#8220; required_mark=&#8220;off&#8220; fullwidth_field=&#8220;on&#8220; _builder_version=&#8220;4.27.4&#8243; _module_preset=&#8220;default&#8220; global_colors_info=&#8220;{}&#8220;][\/et_pb_contact_field][et_pb_contact_field field_id=&#8220;Service&#8220; field_title=&#8220;Gew\u00fcnschter Tankservice*&#8220; field_type=&#8220;select&#8220; select_options=&#8220;%91{%22value%22:%22Tankrevision%22,%22checked%22:0,%22dragID%22:-1},{%22value%22:%22Tankreinigung %92\/ Produktwechsel%22,%22checked%22:0,%22dragID%22:0},{%22value%22:%22Au\u00dferbetriebnahme%22,%22checked%22:0,%22dragID%22:1}%93&#8243; fullwidth_field=&#8220;on&#8220; _builder_version=&#8220;4.27.4&#8243; _module_preset=&#8220;default&#8220; global_colors_info=&#8220;{}&#8220;][\/et_pb_contact_field][et_pb_contact_field field_id=&#8220;Emplacement_citerne&#8220; field_title=&#8220;Tankstandort*&#8220; field_type=&#8220;select&#8220; select_options=&#8220;%91{%22value%22:%22Begraben%22,%22checked%22:0,%22dragID%22:-1},{%22value%22:%22Im Geb\u00e4ude &#8211; im Keller%22,%22checked%22:0,%22dragID%22:0},{%22value%22:%22Im Geb\u00e4ude &#8211; ebenerdig%22,%22checked%22:0,%22dragID%22:1}%93&#8243; fullwidth_field=&#8220;on&#8220; _builder_version=&#8220;4.27.4&#8243; _module_preset=&#8220;default&#8220; global_colors_info=&#8220;{}&#8220;][\/et_pb_contact_field][et_pb_contact_field field_id=&#8220;Forme_citerne&#8220; field_title=&#8220;Tankform*&#8220; field_type=&#8220;select&#8220; select_options=&#8220;%91{%22value%22:%22Rechteckig%22,%22checked%22:0,%22dragID%22:-1},{%22value%22:%22Zylindrisch%22,%22checked%22:0,%22dragID%22:0}%93&#8243; fullwidth_field=&#8220;on&#8220; _builder_version=&#8220;4.27.4&#8243; _module_preset=&#8220;default&#8220; global_colors_info=&#8220;{}&#8220;][\/et_pb_contact_field][et_pb_contact_field field_id=&#8220;Type_citerne&#8220; field_title=&#8220;Tankbeschaffenheit*&#8220; field_type=&#8220;select&#8220; select_options=&#8220;%91{%22value%22:%22Kunststoff%22,%22checked%22:0,%22dragID%22:-1},{%22value%22:%22Stahl%22,%22checked%22:0,%22dragID%22:0},{%22value%22:%22Innenh\u00fclle%22,%22checked%22:0,%22dragID%22:1}%93&#8243; fullwidth_field=&#8220;on&#8220; _builder_version=&#8220;4.27.4&#8243; _module_preset=&#8220;default&#8220; global_colors_info=&#8220;{}&#8220;][\/et_pb_contact_field][et_pb_contact_field field_id=&#8220;Taille_de_la_citerne&#8220; field_title=&#8220;Tankgr\u00f6\u00dfe (in Litern)*&#8220; allowed_symbols=&#8220;numbers&#8220; fullwidth_field=&#8220;on&#8220; _builder_version=&#8220;4.27.4&#8243; _module_preset=&#8220;default&#8220; global_colors_info=&#8220;{}&#8220;][\/et_pb_contact_field][et_pb_contact_field field_id=&#8220;Nombre_de_r\u00e9servoirs&#8220; field_title=&#8220;Anzahl der Tanks*&#8220; fullwidth_field=&#8220;on&#8220; _builder_version=&#8220;4.27.4&#8243; _module_preset=&#8220;default&#8220; global_colors_info=&#8220;{}&#8220;][\/et_pb_contact_field][et_pb_contact_field field_id=&#8220;Quantit\u00e9_de_produit_restant&#8220; field_title=&#8220;Restmenge des Produkts (in Litern)&#8220; fullwidth_field=&#8220;on&#8220; _builder_version=&#8220;4.27.4&#8243; _module_preset=&#8220;default&#8220; global_colors_info=&#8220;{}&#8220;][\/et_pb_contact_field][et_pb_contact_field field_id=&#8220;Derni\u00e8re_r\u00e9vision&#8220; field_title=&#8220;Letzte Revision&#8220; fullwidth_field=&#8220;on&#8220; _builder_version=&#8220;4.27.4&#8243; _module_preset=&#8220;default&#8220; global_colors_info=&#8220;{}&#8220;][\/et_pb_contact_field][et_pb_contact_field field_id=&#8220;Message&#8220; field_title=&#8220;Anmerkung zum Tankservice&#8220; field_type=&#8220;text&#8220; required_mark=&#8220;off&#8220; fullwidth_field=&#8220;on&#8220; _builder_version=&#8220;4.27.4&#8243; global_colors_info=&#8220;{}&#8220; button_text_size__hover_enabled=&#8220;off&#8220; button_one_text_size__hover_enabled=&#8220;off&#8220; button_two_text_size__hover_enabled=&#8220;off&#8220; button_text_color__hover_enabled=&#8220;off&#8220; button_one_text_color__hover_enabled=&#8220;off&#8220; button_two_text_color__hover_enabled=&#8220;off&#8220; button_border_width__hover_enabled=&#8220;off&#8220; button_one_border_width__hover_enabled=&#8220;off&#8220; button_two_border_width__hover_enabled=&#8220;off&#8220; button_border_color__hover_enabled=&#8220;off&#8220; button_one_border_color__hover_enabled=&#8220;off&#8220; button_two_border_color__hover_enabled=&#8220;off&#8220; button_border_radius__hover_enabled=&#8220;off&#8220; button_one_border_radius__hover_enabled=&#8220;off&#8220; button_two_border_radius__hover_enabled=&#8220;off&#8220; button_letter_spacing__hover_enabled=&#8220;off&#8220; button_one_letter_spacing__hover_enabled=&#8220;off&#8220; button_two_letter_spacing__hover_enabled=&#8220;off&#8220; button_bg_color__hover_enabled=&#8220;off&#8220; button_one_bg_color__hover_enabled=&#8220;off&#8220; button_two_bg_color__hover_enabled=&#8220;off&#8220;][\/et_pb_contact_field][\/et_pb_contact_form][dvppl_cf7_styler button_alignment=&#8220;right&#8220; cf7=&#8220;34734&#8243; form_field_padding=&#8220;16px|16px|16px|16px|false|false&#8220; form_background_color=&#8220;RGBA(255,255,255,0)&#8220; form_field_active_color=&#8220;rgba(28,69,64,0.34)&#8220; form_label_spacing=&#8220;16px&#8220; cr_custom_styles=&#8220;on&#8220; cr_size=&#8220;21px&#8220; cf7_message_color=&#8220;#968B83&#8243; cf7_message_bg_color=&#8220;RGBA(255,255,255,0)&#8220; cf7_border_highlight_color=&#8220;RGBA(255,255,255,0)&#8220; cf7_success_message_color=&#8220;#47787A&#8220; cf7_success_message_bg_color=&#8220;RGBA(255,255,255,0)&#8220; cf7_success_border_color=&#8220;RGBA(255,255,255,0)&#8220; cf7_error_message_color=&#8220;#968B83&#8243; cf7_error_message_bg_color=&#8220;RGBA(255,255,255,0)&#8220; cf7_error_border_color=&#8220;RGBA(255,255,255,0)&#8220; form_field_height_last_edited=&#8220;off|desktop&#8220; _builder_version=&#8220;4.27.4&#8243; _module_preset=&#8220;default&#8220; form_field_font_text_color=&#8220;#1C4540&#8243; form_field_font_font_size=&#8220;14px&#8220; custom_submit_button=&#8220;on&#8220; submit_button_text_size=&#8220;20px&#8220; submit_button_text_color=&#8220;#F3F4EE&#8220; submit_button_bg_color=&#8220;#47787A&#8220; submit_button_border_color=&#8220;RGBA(255,255,255,0)&#8220; submit_button_border_radius=&#8220;62px&#8220; submit_button_font=&#8220;&#8211;et_global_body_font|100|||||||&#8220; submit_button_custom_margin=&#8220;10px||||false|false&#8220; submit_button_custom_padding=&#8220;8px|23px|8px|23px|false|false&#8220; hover_enabled=&#8220;0&#8243; custom_css_free_form=&#8220;selector .wpcf7-not-valid-tip {||  margin-left: 16px;||  margin-top: 8px;||  font-size: 14px;||}||||selector .wpcf7-response-output {||  padding: 6px 16px;||  font-size: 20px;||}&#8220; border_radii_field=&#8220;on|15px|15px|15px|15px&#8220; global_colors_info=&#8220;{}&#8220; submit_button_bg_color__hover_enabled=&#8220;on|desktop&#8220; submit_button_bg_color__hover=&#8220;#FED201&#8243; submit_button_bg_enable_color__hover=&#8220;on&#8220; border_color_all_field__hover_enabled=&#8220;off|hover&#8220; theme_builder_area=&#8220;post_content&#8220; border_color_all_field=&#8220;rgba(71,120,122,0.45)&#8220; sticky_enabled=&#8220;0&#8243;][\/dvppl_cf7_styler][et_pb_text _builder_version=&#8220;4.27.4&#8243; _dynamic_attributes=&#8220;link_option_url&#8220; _module_preset=&#8220;default&#8220; header_2_font_size=&#8220;23px&#8220; custom_padding=&#8220;60px||||false|false&#8220; link_option_url=&#8220;@ET-DC@eyJkeW5hbWljIjp0cnVlLCJjb250ZW50IjoicG9zdF9saW5rX3VybF9wYWdlIiwic2V0dGluZ3MiOnsicG9zdF9pZCI6IjI5NTc4In19@&#8220; global_colors_info=&#8220;{}&#8220;]<\/p>\n<p>M\u00f6chten\u202fSie mehr \u00fcber die Tankrevision erfahren?<\/p>\n<p><span style=\"text-decoration: underline;\"><a href=\"https:\/\/dev.groupe-charmettes.ch\/de\/tankrevision\/\">Besuchen\u202fSie unsere daf\u00fcr vorgesehene Seite.<\/a><\/span><\/p>\n<p>[\/et_pb_text][\/et_pb_column][\/et_pb_row][\/et_pb_section]<\/p>\n","protected":false},"excerpt":{"rendered":"<p>Offertanfrage f\u00fcr die Revision Ihres TanksF\u00fcllen Sie das untenstehende Formular aus, um eine unverbindliche Offerte f\u00fcr die Revision, die Installation oder die Au\u00dferbetriebnahme Ihres Tanks zu erhalten.<div class=\"et_pb_module dvppl_cf7_styler dvppl_cf7_styler_0\">\n\t\t\t\t\n\t\t\t\t\n\t\t\t\t\n\t\t\t\t\n\t\t\t\t\n\t\t\t\t\n\t\t\t\t<div class=\"et_pb_module_inner\">\n\t\t\t\t\t<div class=\"dipe-cf7-container dipe-cf7-button-&#8220;right&#8220;\">\n\t\t\t\t\n\t\t\t\t<div class=\"dipe-cf7 dipe-cf7-styler \">\n\t\t\t\t\t<p class=\"wpcf7-contact-form-not-found\"><strong>Fehler:<\/strong> Kontaktformular wurde nicht gefunden.<\/p>\n\t\t\t\t<\/div>\n\t\t\t<\/div>\n\t\t\t\t<\/div>\n\t\t\t<\/div><\/p>\n","protected":false},"author":3,"featured_media":0,"parent":0,"menu_order":0,"comment_status":"closed","ping_status":"closed","template":"","meta":{"_et_pb_use_builder":"on","_et_pb_old_content":"","_et_gb_content_width":"","footnotes":""},"class_list":["post-31725","page","type-page","status-publish","hentry"],"_links":{"self":[{"href":"https:\/\/dev.groupe-charmettes.ch\/de\/wp-json\/wp\/v2\/pages\/31725","targetHints":{"allow":["GET"]}}],"collection":[{"href":"https:\/\/dev.groupe-charmettes.ch\/de\/wp-json\/wp\/v2\/pages"}],"about":[{"href":"https:\/\/dev.groupe-charmettes.ch\/de\/wp-json\/wp\/v2\/types\/page"}],"author":[{"embeddable":true,"href":"https:\/\/dev.groupe-charmettes.ch\/de\/wp-json\/wp\/v2\/users\/3"}],"replies":[{"embeddable":true,"href":"https:\/\/dev.groupe-charmettes.ch\/de\/wp-json\/wp\/v2\/comments?post=31725"}],"version-history":[{"count":20,"href":"https:\/\/dev.groupe-charmettes.ch\/de\/wp-json\/wp\/v2\/pages\/31725\/revisions"}],"predecessor-version":[{"id":34737,"href":"https:\/\/dev.groupe-charmettes.ch\/de\/wp-json\/wp\/v2\/pages\/31725\/revisions\/34737"}],"wp:attachment":[{"href":"https:\/\/dev.groupe-charmettes.ch\/de\/wp-json\/wp\/v2\/media?parent=31725"}],"curies":[{"name":"wp","href":"https:\/\/api.w.org\/{rel}","templated":true}]}}