{"id":31722,"date":"2025-01-06T08:31:34","date_gmt":"2025-01-06T07:31:34","guid":{"rendered":"https:\/\/dev.groupe-charmettes.ch\/dienstleistungen\/"},"modified":"2025-08-04T11:01:37","modified_gmt":"2025-08-04T09:01:37","slug":"dienstleistungen","status":"publish","type":"page","link":"https:\/\/dev.groupe-charmettes.ch\/de\/dienstleistungen\/","title":{"rendered":"Dienstleistungen"},"content":{"rendered":"<p>[et_pb_section fb_built=&#8220;1&#8243; module_class=&#8220;hero-degrade-md&#8220; _builder_version=&#8220;4.27.4&#8243; _module_preset=&#8220;default&#8220; background_enable_color=&#8220;off&#8220; background_image=&#8220;https:\/\/dev.groupe-charmettes.ch\/wp-content\/uploads\/2025\/02\/prestations.png&#8220; background_enable_video_mp4=&#8220;off&#8220; min_height=&#8220;68vh&#8220; min_height_tablet=&#8220;100vh&#8220; min_height_phone=&#8220;40vh&#8220; min_height_last_edited=&#8220;on|tablet&#8220; custom_margin=&#8220;0px||0px||false|false&#8220; custom_padding=&#8220;0px||0px||false|false&#8220; global_colors_info=&#8220;{}&#8220;][\/et_pb_section][et_pb_section fb_built=&#8220;1&#8243; custom_padding_last_edited=&#8220;on|phone&#8220; _builder_version=&#8220;4.27.4&#8243; _module_preset=&#8220;default&#8220; background_color=&#8220;#1C4540&#8243; custom_margin=&#8220;0px||0px||false|false&#8220; custom_padding=&#8220;20px||20px||false|false&#8220; custom_padding_tablet=&#8220;&#8220; custom_padding_phone=&#8220;10px||||false|false&#8220; global_colors_info=&#8220;{}&#8220;][et_pb_row custom_padding_last_edited=&#8220;on|phone&#8220; _builder_version=&#8220;4.27.4&#8243; _module_preset=&#8220;default&#8220; custom_padding_tablet=&#8220;&#8220; custom_padding_phone=&#8220;15px||5px||false|false&#8220; global_colors_info=&#8220;{}&#8220;][et_pb_column type=&#8220;4_4&#8243; _builder_version=&#8220;4.27.4&#8243; _module_preset=&#8220;default&#8220; global_colors_info=&#8220;{}&#8220;][et_pb_text content_tablet=&#8220;<\/p>\n<h1><strong>Celsa-Charmettes SA<\/strong><\/h1>\n<p><span>Ihr Partner f\u00fcr Heiz\u00f6l und Kraftstoffe seit \u00fcber 100 Jahren im Kanton Freiburg.<\/span><\/p>\n<p>&#8220; content_phone=&#8220;<\/p>\n<h1><strong>Celsa-Charmettes SA<\/strong><\/h1>\n<p><span>Ihr Partner f\u00fcr Heiz\u00f6l und Kraftstoffe seit \u00fcber 100 Jahren im Kanton Freiburg.<\/span><\/p>\n<p>&#8220; content_last_edited=&#8220;off|desktop&#8220; _builder_version=&#8220;4.27.4&#8243; _module_preset=&#8220;default&#8220; text_text_color=&#8220;#F3F4EE&#8220; text_font_size=&#8220;26px&#8220; text_line_height=&#8220;1.1em&#8220; header_text_color=&#8220;#F3F4EE&#8220; header_font_size=&#8220;65px&#8220; text_font_size_tablet=&#8220;&#8220; text_font_size_phone=&#8220;18px&#8220; text_font_size_last_edited=&#8220;on|phone&#8220; header_font_size_tablet=&#8220;45px&#8220; header_font_size_phone=&#8220;27px&#8220; header_font_size_last_edited=&#8220;on|phone&#8220; custom_css_free_form=&#8220;.et_pb_text h1 {||    margin-bottom: 10px;||}&#8220; global_colors_info=&#8220;{}&#8220;]<\/p>\n<h1><strong>Unsere Dienstleistungen<\/strong><\/h1>\n<p><span>Ben\u00f6tigen Sie eine schnelle Notfallbelieferung, eine Tankrevision oder eine L\u00f6sung zur \u00dcberwachung Ihres Verbrauchs?<\/span><\/p>\n<p><span>Wir sind f\u00fcr Sie da!<\/span><\/p>\n<p>[\/et_pb_text][\/et_pb_column][\/et_pb_row][\/et_pb_section][et_pb_section fb_built=&#8220;1&#8243; custom_padding_last_edited=&#8220;on|phone&#8220; _builder_version=&#8220;4.27.4&#8243; _module_preset=&#8220;default&#8220; background_color=&#8220;#F3F4EE&#8220; custom_padding=&#8220;||||false|false&#8220; custom_padding_tablet=&#8220;||||false|false&#8220; custom_padding_phone=&#8220;5%||||false|false&#8220; global_colors_info=&#8220;{}&#8220;][et_pb_row column_structure=&#8220;1_3,1_3,1_3&#8243; _builder_version=&#8220;4.27.4&#8243; _module_preset=&#8220;default&#8220; custom_margin=&#8220;||||false|false&#8220; custom_padding=&#8220;||0px||false|false&#8220; animation_style=&#8220;slide&#8220; animation_direction=&#8220;bottom&#8220; animation_duration=&#8220;650ms&#8220; animation_delay=&#8220;300ms&#8220; animation_intensity_slide=&#8220;10%&#8220; global_colors_info=&#8220;{}&#8220;][et_pb_column type=&#8220;1_3&#8243; _builder_version=&#8220;4.27.4&#8243; _module_preset=&#8220;default&#8220; custom_padding=&#8220;||1%||false|false&#8220; custom_padding_tablet=&#8220;||||false|false&#8220; custom_padding_phone=&#8220;||4%||false|false&#8220; custom_padding_last_edited=&#8220;on|phone&#8220; border_radii=&#8220;on|26px|26px|26px|26px&#8220; box_shadow_style=&#8220;preset2&#8243; global_colors_info=&#8220;{}&#8220;][et_pb_image src=&#8220;https:\/\/dev.groupe-charmettes.ch\/wp-content\/uploads\/2025\/07\/Image-depannage.webp&#8220; title_text=&#8220;Bild Notfallbelieferung&#8220; align=&#8220;center&#8220; _builder_version=&#8220;4.27.4&#8243; _module_preset=&#8220;default&#8220; width=&#8220;100%&#8220; max_width=&#8220;100%&#8220; custom_margin=&#8220;||5%||false|false&#8220; custom_margin_tablet=&#8220;||5%||false|false&#8220; custom_margin_phone=&#8220;||5%||false|false&#8220; custom_margin_last_edited=&#8220;on|phone&#8220; custom_padding=&#8220;||||false|false&#8220; border_radii=&#8220;off|26px|26px||&#8220; global_colors_info=&#8220;{}&#8220;][\/et_pb_image][et_pb_text content_last_edited=&#8220;off|phone&#8220; _builder_version=&#8220;4.27.4&#8243; _module_preset=&#8220;default&#8220; text_font=&#8220;&#8211;et_global_body_font||||||||&#8220; header_font=&#8220;&#8211;et_global_body_font||||||||&#8220; header_2_font=&#8220;|600|||||||&#8220; header_2_font_size=&#8220;24px&#8220; custom_margin=&#8220;||||false|false&#8220; custom_padding=&#8220;|5%||5%|false|false&#8220; custom_padding_tablet=&#8220;||||false|false&#8220; custom_padding_phone=&#8220;|5%||5%|false|false&#8220; custom_padding_last_edited=&#8220;on|phone&#8220; hover_enabled=&#8220;0&#8243; global_colors_info=&#8220;{}&#8220; module_class=&#8220;depannage&#8220; custom_css_free_form=&#8220;.depannage h2{||  margin-bottom:0.5em;   \/* \u2190 remplace 1.2em par la valeur que tu veux *\/||}&#8220; sticky_enabled=&#8220;0&#8243;]<\/p>\n<h2>Notfallbelieferung<\/h2>\n<p>Kein Heiz\u00f6l mehr und unser Betrieb ist geschlossen?<\/p>\n<div class=\"text\">\n<p>Damit Sie auch au\u00dferhalb unserer \u00d6ffnungszeiten bei einer Panne betreut werden, bitten wir Sie, die Hauptnummer anzurufen und die Ansage des Anrufbeantworters abzuh\u00f6ren.<\/p>\n<\/div>\n<p><strong><\/strong><\/p>\n<p><strong>Celsa-Charmettes<\/strong> :<br \/><a href=\"tel:0041266529300\">026 652 93 00<\/a><\/p>\n<p><strong>Margot Mazout<\/strong> :<br \/><a href=\"tel:0041328438400\">032 843 84 00<\/a><\/p>\n<p><strong>Ruey-Termoplan<\/strong> :<br \/><a href=\"tel:0041213310808\">021 331 08 08<\/a><\/p>\n<p><span><\/span><\/p>\n<p>[\/et_pb_text][\/et_pb_column][et_pb_column type=&#8220;1_3&#8243; _builder_version=&#8220;4.27.4&#8243; _module_preset=&#8220;default&#8220; custom_padding=&#8220;||||false|false&#8220; border_radii=&#8220;on|26px|26px|26px|26px&#8220; box_shadow_style=&#8220;preset2&#8243; global_colors_info=&#8220;{}&#8220;][et_pb_image src=&#8220;https:\/\/dev.groupe-charmettes.ch\/wp-content\/uploads\/2025\/01\/Revision-de-citerne.webp&#8220; title_text=&#8220;Tankrevision&#8220; align=&#8220;center&#8220; _builder_version=&#8220;4.27.4&#8243; _module_preset=&#8220;default&#8220; custom_margin=&#8220;||5%||false|false&#8220; custom_margin_tablet=&#8220;||||false|false&#8220; custom_margin_phone=&#8220;||10%||false|false&#8220; custom_margin_last_edited=&#8220;on|phone&#8220; custom_padding_tablet=&#8220;||||false|false&#8220; custom_padding_phone=&#8220;||||false|false&#8220; custom_padding_last_edited=&#8220;off|desktop&#8220; border_radii=&#8220;off|26px|26px||&#8220; global_colors_info=&#8220;{}&#8220;][\/et_pb_image][et_pb_text content_last_edited=&#8220;off|desktop&#8220; _builder_version=&#8220;4.27.4&#8243; _module_preset=&#8220;default&#8220; text_font=&#8220;&#8211;et_global_body_font|200|||||||&#8220; header_font=&#8220;&#8211;et_global_body_font||||||||&#8220; header_2_font=&#8220;|600|||||||&#8220; header_2_font_size=&#8220;24px&#8220; min_height=&#8220;30px&#8220; custom_margin=&#8220;||||false|false&#8220; custom_margin_tablet=&#8220;||||false|false&#8220; custom_margin_phone=&#8220;-15px||||false|false&#8220; custom_margin_last_edited=&#8220;on|phone&#8220; custom_padding=&#8220;|5%||5%|false|false&#8220; custom_padding_tablet=&#8220;||||false|false&#8220; custom_padding_phone=&#8220;|5%||5%|false|false&#8220; custom_padding_last_edited=&#8220;on|phone&#8220; hover_enabled=&#8220;0&#8243; global_colors_info=&#8220;{}&#8220; custom_css_free_form=&#8220;.revision h2{||  margin-bottom:0.5em;   \/* \u2190 remplace 1.2em par la valeur que tu veux *\/||}&#8220; module_class=&#8220;revision&#8220; sticky_enabled=&#8220;0&#8243;]<\/p>\n<h2>Installation, Revision und Au\u00dferbetriebnahme von Tanks<\/h2>\n<p style=\"text-align: left;\">Verl\u00e4ngern Sie die Lebensdauer Ihres Tanks durch eine regelm\u00e4\u00dfige Wartung.<\/p>\n<p style=\"text-align: left;\">Unser Tankrevisionsservice steht Ihnen zur Verf\u00fcgung, um den sicheren und optimalen Betrieb Ihrer Anlage sicherzustellen.<\/p>\n<p>[\/et_pb_text][et_pb_button button_url=&#8220;@ET-DC@eyJkeW5hbWljIjp0cnVlLCJjb250ZW50IjoicG9zdF9saW5rX3VybF9wYWdlIiwic2V0dGluZ3MiOnsicG9zdF9pZCI6IjI5NTc4In19@&#8220; button_text=&#8220;Mehr erfahren&#8220; button_alignment=&#8220;left&#8220; button_alignment_tablet=&#8220;left&#8220; button_alignment_phone=&#8220;center&#8220; button_alignment_last_edited=&#8220;on|phone&#8220; _builder_version=&#8220;4.27.4&#8243; _dynamic_attributes=&#8220;button_url&#8220; _module_preset=&#8220;default&#8220; custom_button=&#8220;on&#8220; button_text_color=&#8220;#F3F4EE&#8220; button_bg_color=&#8220;#47787A&#8220; button_border_width=&#8220;0px&#8220; button_border_color=&#8220;#1C4540&#8243; button_border_radius=&#8220;47px&#8220; button_use_icon=&#8220;off&#8220; custom_margin=&#8220;1%|||4%|false|false&#8220; custom_margin_tablet=&#8220;1%|||4%|false|false&#8220; custom_margin_phone=&#8220;1%|||0%|false|false&#8220; custom_margin_last_edited=&#8220;on|phone&#8220; custom_padding=&#8220;||||false|false&#8220; global_colors_info=&#8220;{}&#8220; button_bg_color__hover_enabled=&#8220;on|hover&#8220; button_bg_color__hover=&#8220;#FED201&#8243; button_bg_enable_color__hover=&#8220;on&#8220;][\/et_pb_button][et_pb_code _builder_version=&#8220;4.27.4&#8243; _module_preset=&#8220;default&#8220; global_colors_info=&#8220;{}&#8220;][\/et_pb_code][\/et_pb_column][et_pb_column type=&#8220;1_3&#8243; _builder_version=&#8220;4.27.4&#8243; _module_preset=&#8220;default&#8220; border_radii=&#8220;on|26px|26px|26px|26px&#8220; box_shadow_style=&#8220;preset2&#8243; global_colors_info=&#8220;{}&#8220;][et_pb_image src=&#8220;https:\/\/dev.groupe-charmettes.ch\/wp-content\/uploads\/2025\/01\/oillink-scaled.jpeg&#8220; title_text=&#8220;Heating fuel oil tank beside exterior wall.&#8220; align=&#8220;center&#8220; _builder_version=&#8220;4.27.4&#8243; _module_preset=&#8220;default&#8220; max_width=&#8220;200%&#8220; max_height=&#8220;1000px&#8220; custom_margin=&#8220;||5%||false|false&#8220; custom_margin_tablet=&#8220;||5%||false|false&#8220; custom_margin_phone=&#8220;||10%||false|false&#8220; custom_margin_last_edited=&#8220;on|phone&#8220; custom_padding_tablet=&#8220;60px||||false|false&#8220; custom_padding_last_edited=&#8220;off|phone&#8220; border_radii=&#8220;off|26px|26px||&#8220; global_colors_info=&#8220;{}&#8220;][\/et_pb_image][et_pb_text _builder_version=&#8220;4.27.4&#8243; _module_preset=&#8220;default&#8220; text_font=&#8220;&#8211;et_global_body_font|200|||||||&#8220; header_font=&#8220;||||||||&#8220; header_2_font=&#8220;|600|||||||&#8220; header_2_font_size=&#8220;24px&#8220; min_height=&#8220;75px&#8220; custom_margin=&#8220;||||false|false&#8220; custom_margin_tablet=&#8220;||||false|false&#8220; custom_margin_phone=&#8220;-15px||||false|false&#8220; custom_margin_last_edited=&#8220;on|tablet&#8220; custom_padding=&#8220;|5%||5%|false|false&#8220; custom_padding_tablet=&#8220;||||false|false&#8220; custom_padding_phone=&#8220;|5%||5%|false|false&#8220; custom_padding_last_edited=&#8220;on|phone&#8220; hover_enabled=&#8220;0&#8243; global_colors_info=&#8220;{}&#8220; custom_css_free_form=&#8220;.telegestion h2{||  margin-bottom:0.5em;   \/* \u2190 remplace 1.2em par la valeur que tu veux *\/||}&#8220; sticky_enabled=&#8220;0&#8243; module_class=&#8220;telegestion&#8220;]<\/p>\n<h2>Tankfern\u00fcberwachungssystem<\/h2>\n<p style=\"text-align: left;\">\u00dcberwachen Sie Ihren Heiz\u00f6lverbrauch in Echtzeit mit unserer vernetzten L\u00f6sung zur Tankfern\u00fcberwachung.<\/p>\n<p style=\"text-align: left;\">Erhalten Sie rechtzeitig Benachrichtigungen, bevor Ihr Tank leer wird, und vereinfachen Sie die Verwaltung Ihrer Tankversorgung.<\/p>\n<p>[\/et_pb_text][et_pb_button button_url=&#8220;@ET-DC@eyJkeW5hbWljIjp0cnVlLCJjb250ZW50IjoicG9zdF9saW5rX3VybF9wYWdlIiwic2V0dGluZ3MiOnsicG9zdF9pZCI6IjI5NTY5In19@&#8220; button_text=&#8220;Mehr erfahren&#8220; button_alignment=&#8220;left&#8220; button_alignment_tablet=&#8220;left&#8220; button_alignment_phone=&#8220;center&#8220; button_alignment_last_edited=&#8220;on|phone&#8220; _builder_version=&#8220;4.27.4&#8243; _dynamic_attributes=&#8220;button_url&#8220; _module_preset=&#8220;default&#8220; custom_button=&#8220;on&#8220; button_text_color=&#8220;#F3F4EE&#8220; button_bg_color=&#8220;#47787A&#8220; button_border_width=&#8220;0px&#8220; button_border_color=&#8220;#1C4540&#8243; button_border_radius=&#8220;53px&#8220; button_use_icon=&#8220;off&#8220; custom_margin=&#8220;|||4%|false|false&#8220; custom_margin_tablet=&#8220;|||4%|false|false&#8220; custom_margin_phone=&#8220;|||0%|false|false&#8220; custom_margin_last_edited=&#8220;on|phone&#8220; custom_padding=&#8220;1%||||false|false&#8220; global_colors_info=&#8220;{}&#8220; button_bg_color__hover_enabled=&#8220;on|hover&#8220; button_bg_color__hover=&#8220;#FED201&#8243; button_bg_enable_color__hover=&#8220;on&#8220;][\/et_pb_button][et_pb_code _builder_version=&#8220;4.27.4&#8243; _module_preset=&#8220;default&#8220; global_colors_info=&#8220;{}&#8220;][\/et_pb_code][\/et_pb_column][\/et_pb_row][\/et_pb_section]<\/p>\n","protected":false},"excerpt":{"rendered":"<p>Unsere Dienstleistungen Ben\u00f6tigen Sie eine schnelle Notfallbelieferung, eine Tankrevision oder eine L\u00f6sung zur \u00dcberwachung Ihres Verbrauchs? Wir sind f\u00fcr Sie da!Notfallbelieferung Kein Heiz\u00f6l mehr und unser Betrieb ist geschlossen? Damit Sie auch au\u00dferhalb unserer \u00d6ffnungszeiten bei einer Panne betreut werden, bitten wir Sie, die Hauptnummer anzurufen und die Ansage des Anrufbeantworters abzuh\u00f6ren. Celsa-Charmettes :026 652 [&hellip;]<\/p>\n","protected":false},"author":3,"featured_media":0,"parent":0,"menu_order":0,"comment_status":"closed","ping_status":"closed","template":"","meta":{"_et_pb_use_builder":"on","_et_pb_old_content":"","_et_gb_content_width":"","footnotes":""},"class_list":["post-31722","page","type-page","status-publish","hentry"],"_links":{"self":[{"href":"https:\/\/dev.groupe-charmettes.ch\/de\/wp-json\/wp\/v2\/pages\/31722","targetHints":{"allow":["GET"]}}],"collection":[{"href":"https:\/\/dev.groupe-charmettes.ch\/de\/wp-json\/wp\/v2\/pages"}],"about":[{"href":"https:\/\/dev.groupe-charmettes.ch\/de\/wp-json\/wp\/v2\/types\/page"}],"author":[{"embeddable":true,"href":"https:\/\/dev.groupe-charmettes.ch\/de\/wp-json\/wp\/v2\/users\/3"}],"replies":[{"embeddable":true,"href":"https:\/\/dev.groupe-charmettes.ch\/de\/wp-json\/wp\/v2\/comments?post=31722"}],"version-history":[{"count":19,"href":"https:\/\/dev.groupe-charmettes.ch\/de\/wp-json\/wp\/v2\/pages\/31722\/revisions"}],"predecessor-version":[{"id":33698,"href":"https:\/\/dev.groupe-charmettes.ch\/de\/wp-json\/wp\/v2\/pages\/31722\/revisions\/33698"}],"wp:attachment":[{"href":"https:\/\/dev.groupe-charmettes.ch\/de\/wp-json\/wp\/v2\/media?parent=31722"}],"curies":[{"name":"wp","href":"https:\/\/api.w.org\/{rel}","templated":true}]}}