{"id":31713,"date":"2024-12-18T17:02:04","date_gmt":"2024-12-18T16:02:04","guid":{"rendered":"https:\/\/dev.groupe-charmettes.ch\/downloads\/"},"modified":"2025-07-29T15:11:20","modified_gmt":"2025-07-29T13:11:20","slug":"downloads","status":"publish","type":"page","link":"https:\/\/dev.groupe-charmettes.ch\/de\/downloads\/","title":{"rendered":"Downloads"},"content":{"rendered":"<p>[et_pb_section fb_built=&#8220;1&#8243; custom_padding_last_edited=&#8220;on|phone&#8220; _builder_version=&#8220;4.27.4&#8243; _module_preset=&#8220;default&#8220; background_color=&#8220;#F3F4EE&#8220; custom_padding=&#8220;230px||||false|false&#8220; custom_padding_tablet=&#8220;230px||||false|false&#8220; custom_padding_phone=&#8220;0px||0px||false|false&#8220; global_colors_info=&#8220;{}&#8220;][et_pb_row column_structure=&#8220;1_2,1_2&#8243; _builder_version=&#8220;4.27.4&#8243; _module_preset=&#8220;default&#8220; global_colors_info=&#8220;{}&#8220;][et_pb_column type=&#8220;1_2&#8243; _builder_version=&#8220;4.27.4&#8243; _module_preset=&#8220;default&#8220; global_colors_info=&#8220;{}&#8220;][et_pb_text _builder_version=&#8220;4.27.4&#8243; _module_preset=&#8220;default&#8220; text_font=&#8220;|300|||||||&#8220; header_font_size_tablet=&#8220;&#8220; header_font_size_phone=&#8220;27px&#8220; header_font_size_last_edited=&#8220;on|phone&#8220; global_colors_info=&#8220;{}&#8220;]<\/p>\n<h1><strong>Downloads<\/strong><\/h1>\n<p><span><\/span><\/p>\n<p><span><\/span><span><\/span><span><\/span><span><\/span><span><\/span><span><\/span><span>Im Folgenden finden Sie einige Dokumente, die f\u00fcr Sie n\u00fctzlich sein k\u00f6nnten. Wenn Sie nicht finden, was Sie suchen, helfen wir Ihnen gerne telefonisch oder per E-Mail weiter. <\/span><\/p>\n<p>[\/et_pb_text][\/et_pb_column][et_pb_column type=&#8220;1_2&#8243; _builder_version=&#8220;4.27.4&#8243; _module_preset=&#8220;default&#8220; global_colors_info=&#8220;{}&#8220;][et_pb_image src=&#8220;https:\/\/dev.groupe-charmettes.ch\/wp-content\/uploads\/2024\/12\/Download-scaled.jpeg&#8220; title_text=&#8220;Downloads Bild  &#8220; _builder_version=&#8220;4.27.4&#8243; _module_preset=&#8220;default&#8220; border_radii=&#8220;on|15px|15px|15px|15px&#8220; global_colors_info=&#8220;{}&#8220;][\/et_pb_image][\/et_pb_column][\/et_pb_row][\/et_pb_section][et_pb_section fb_built=&#8220;1&#8243; _builder_version=&#8220;4.27.4&#8243; _module_preset=&#8220;default&#8220; background_color=&#8220;#F3F4EE&#8220; custom_padding=&#8220;0px||||false|false&#8220; global_colors_info=&#8220;{}&#8220;][et_pb_row column_structure=&#8220;1_2,1_2&#8243; _builder_version=&#8220;4.27.4&#8243; _module_preset=&#8220;default&#8220; background_color=&#8220;RGBA(255,255,255,0)&#8220; custom_margin=&#8220;||0px||false|false&#8220; global_colors_info=&#8220;{}&#8220;][et_pb_column type=&#8220;1_2&#8243; _builder_version=&#8220;4.27.4&#8243; _module_preset=&#8220;default&#8220; custom_padding=&#8220;||||false|false&#8220; global_colors_info=&#8220;{}&#8220;][et_pb_text _builder_version=&#8220;4.27.4&#8243; _module_preset=&#8220;default&#8220; custom_margin=&#8220;||0px||false|false&#8220; custom_padding=&#8220;||||false|false&#8220; hover_enabled=&#8220;0&#8243; header_2_font_size_tablet=&#8220;&#8220; header_2_font_size_phone=&#8220;24px&#8220; header_2_font_size_last_edited=&#8220;on|phone&#8220; global_colors_info=&#8220;{}&#8220; sticky_enabled=&#8220;0&#8243; header_2_font=&#8220;|600|||||||&#8220;]<\/p>\n<h2>Sicherheitsdatenbl\u00e4tter<\/h2>\n<p>[\/et_pb_text][et_pb_button button_url=&#8220;@ET-DC@eyJkeW5hbWljIjp0cnVlLCJjb250ZW50IjoicG9zdF9saW5rX3VybF9hdHRhY2htZW50Iiwic2V0dGluZ3MiOnsicG9zdF9pZCI6IjI5MzcxIn19@&#8220; url_new_window=&#8220;on&#8220; button_text=&#8220;Sicherheitsdatenblatt &#8211; Bleifrei 95&#8243; _builder_version=&#8220;4.27.4&#8243; _dynamic_attributes=&#8220;button_url&#8220; _module_preset=&#8220;default&#8220; custom_button=&#8220;on&#8220; button_text_size=&#8220;19px&#8220; button_bg_color=&#8220;RGBA(255,255,255,0)&#8220; button_border_width=&#8220;0px&#8220; button_font=&#8220;||||on||||&#8220; button_use_icon=&#8220;off&#8220; custom_margin=&#8220;||8px|||&#8220; custom_padding=&#8220;||0px|0px|false|false&#8220; button_text_size_tablet=&#8220;19px&#8220; button_text_size_phone=&#8220;18px&#8220; button_text_size_last_edited=&#8220;on|phone&#8220; global_colors_info=&#8220;{}&#8220;][\/et_pb_button][et_pb_button button_url=&#8220;@ET-DC@eyJkeW5hbWljIjp0cnVlLCJjb250ZW50IjoicG9zdF9saW5rX3VybF9hdHRhY2htZW50Iiwic2V0dGluZ3MiOnsicG9zdF9pZCI6IjI5MzcyIn19@&#8220; url_new_window=&#8220;on&#8220; button_text=&#8220;Sicherheitsdatenblatt &#8211; Bleifrei 98&#8243; _builder_version=&#8220;4.27.4&#8243; _dynamic_attributes=&#8220;button_url&#8220; _module_preset=&#8220;default&#8220; custom_button=&#8220;on&#8220; button_text_size=&#8220;19px&#8220; button_bg_color=&#8220;RGBA(255,255,255,0)&#8220; button_border_width=&#8220;0px&#8220; button_font=&#8220;||||on||||&#8220; button_use_icon=&#8220;off&#8220; custom_margin=&#8220;||8px|||&#8220; custom_padding=&#8220;||0px|0px|false|false&#8220; button_text_size_tablet=&#8220;19px&#8220; button_text_size_phone=&#8220;18px&#8220; button_text_size_last_edited=&#8220;on|phone&#8220; global_colors_info=&#8220;{}&#8220;][\/et_pb_button][et_pb_button button_url=&#8220;@ET-DC@eyJkeW5hbWljIjp0cnVlLCJjb250ZW50IjoicG9zdF9saW5rX3VybF9hdHRhY2htZW50Iiwic2V0dGluZ3MiOnsicG9zdF9pZCI6IjI5MzczIn19@&#8220; url_new_window=&#8220;on&#8220; button_text=&#8220;Sicherheitsdatenblatt &#8211; Heiz\u00f6l und Diesel&#8220; _builder_version=&#8220;4.27.4&#8243; _dynamic_attributes=&#8220;button_url&#8220; _module_preset=&#8220;default&#8220; custom_button=&#8220;on&#8220; button_text_size=&#8220;19px&#8220; button_bg_color=&#8220;RGBA(255,255,255,0)&#8220; button_border_width=&#8220;0px&#8220; button_font=&#8220;||||on||||&#8220; button_use_icon=&#8220;off&#8220; custom_margin=&#8220;||8px|||&#8220; custom_padding=&#8220;||0px|0px|false|false&#8220; button_text_size_tablet=&#8220;19px&#8220; button_text_size_phone=&#8220;18px&#8220; button_text_size_last_edited=&#8220;on|phone&#8220; global_colors_info=&#8220;{}&#8220;][\/et_pb_button][et_pb_text _builder_version=&#8220;4.27.4&#8243; _module_preset=&#8220;default&#8220; custom_margin=&#8220;||0px||false|false&#8220; custom_padding=&#8220;50px||||false|false&#8220; hover_enabled=&#8220;0&#8243; header_2_font_size_tablet=&#8220;&#8220; header_2_font_size_phone=&#8220;24px&#8220; header_2_font_size_last_edited=&#8220;on|phone&#8220; global_colors_info=&#8220;{}&#8220; header_2_font=&#8220;|600|||||||&#8220; sticky_enabled=&#8220;0&#8243;]<\/p>\n<h2>Tabellen<\/h2>\n<p>[\/et_pb_text][et_pb_button button_url=&#8220;@ET-DC@eyJkeW5hbWljIjp0cnVlLCJjb250ZW50IjoicG9zdF9saW5rX3VybF9hdHRhY2htZW50Iiwic2V0dGluZ3MiOnsicG9zdF9pZCI6IjI5Mzc1In19@&#8220; url_new_window=&#8220;on&#8220; button_text=&#8220;Tank Tabellen&#8220; _builder_version=&#8220;4.27.4&#8243; _dynamic_attributes=&#8220;button_url&#8220; _module_preset=&#8220;default&#8220; custom_button=&#8220;on&#8220; button_text_size=&#8220;19px&#8220; button_bg_color=&#8220;RGBA(255,255,255,0)&#8220; button_border_width=&#8220;0px&#8220; button_font=&#8220;||||on||||&#8220; button_use_icon=&#8220;off&#8220; custom_margin=&#8220;||8px|||&#8220; custom_padding=&#8220;||0px|0px|false|false&#8220; button_text_size_tablet=&#8220;19px&#8220; button_text_size_phone=&#8220;18px&#8220; button_text_size_last_edited=&#8220;on|phone&#8220; global_colors_info=&#8220;{}&#8220;][\/et_pb_button][\/et_pb_column][et_pb_column type=&#8220;1_2&#8243; _builder_version=&#8220;4.27.4&#8243; _module_preset=&#8220;default&#8220; global_colors_info=&#8220;{}&#8220;][et_pb_text _builder_version=&#8220;4.27.4&#8243; _module_preset=&#8220;default&#8220; custom_margin=&#8220;||0px||false|false&#8220; custom_padding=&#8220;||||false|false&#8220; custom_padding_tablet=&#8220;||||false|false&#8220; custom_padding_phone=&#8220;20px||||false|false&#8220; custom_padding_last_edited=&#8220;on|phone&#8220; hover_enabled=&#8220;0&#8243; header_2_font_size_tablet=&#8220;&#8220; header_2_font_size_phone=&#8220;24px&#8220; header_2_font_size_last_edited=&#8220;on|phone&#8220; global_colors_info=&#8220;{}&#8220; header_2_font=&#8220;|600|||||||&#8220; sticky_enabled=&#8220;0&#8243;]<\/p>\n<h2>Tankstellen<\/h2>\n<p>[\/et_pb_text][et_pb_button button_url=&#8220;@ET-DC@eyJkeW5hbWljIjp0cnVlLCJjb250ZW50IjoicG9zdF9saW5rX3VybF9hdHRhY2htZW50Iiwic2V0dGluZ3MiOnsicG9zdF9pZCI6IjI5Mzc0In19@&#8220; url_new_window=&#8220;on&#8220; button_text=&#8220;Formular &#8211; CelsaCard&#8220; _builder_version=&#8220;4.27.4&#8243; _dynamic_attributes=&#8220;button_url&#8220; _module_preset=&#8220;default&#8220; custom_button=&#8220;on&#8220; button_text_size=&#8220;19px&#8220; button_bg_color=&#8220;RGBA(255,255,255,0)&#8220; button_border_width=&#8220;0px&#8220; button_font=&#8220;||||on||||&#8220; button_use_icon=&#8220;off&#8220; custom_margin=&#8220;||8px|||&#8220; custom_padding=&#8220;||0px|0px|false|false&#8220; button_text_size_tablet=&#8220;19px&#8220; button_text_size_phone=&#8220;18px&#8220; button_text_size_last_edited=&#8220;on|phone&#8220; global_colors_info=&#8220;{}&#8220;][\/et_pb_button][et_pb_button button_url=&#8220;@ET-DC@eyJkeW5hbWljIjp0cnVlLCJjb250ZW50IjoicG9zdF9saW5rX3VybF9hdHRhY2htZW50Iiwic2V0dGluZ3MiOnsicG9zdF9pZCI6IjI5MzY2In19@&#8220; url_new_window=&#8220;on&#8220; button_text=&#8220;Allgemeine Gesch\u00e4ftsbedingungen &#8211; CelsaCard&#8220; _builder_version=&#8220;4.27.4&#8243; _dynamic_attributes=&#8220;button_url&#8220; _module_preset=&#8220;default&#8220; custom_button=&#8220;on&#8220; button_text_size=&#8220;19px&#8220; button_bg_color=&#8220;RGBA(255,255,255,0)&#8220; button_border_width=&#8220;0px&#8220; button_font=&#8220;||||on||||&#8220; button_use_icon=&#8220;off&#8220; custom_margin=&#8220;||8px|||&#8220; custom_padding=&#8220;||0px|0px|false|false&#8220; button_text_size_tablet=&#8220;19px&#8220; button_text_size_phone=&#8220;18px&#8220; button_text_size_last_edited=&#8220;on|phone&#8220; global_colors_info=&#8220;{}&#8220;][\/et_pb_button][et_pb_text _builder_version=&#8220;4.27.4&#8243; _module_preset=&#8220;default&#8220; custom_margin=&#8220;||0px||false|false&#8220; custom_padding=&#8220;50px||||false|false&#8220; hover_enabled=&#8220;0&#8243; header_2_font_size_tablet=&#8220;&#8220; header_2_font_size_phone=&#8220;24px&#8220; header_2_font_size_last_edited=&#8220;on|phone&#8220; global_colors_info=&#8220;{}&#8220; header_font=&#8220;|600|||||||&#8220; header_2_font=&#8220;|600|||||||&#8220; sticky_enabled=&#8220;0&#8243;]<\/p>\n<h2>Allgemeine Bedingungen<\/h2>\n<p>[\/et_pb_text][et_pb_button button_url=&#8220;@ET-DC@eyJkeW5hbWljIjp0cnVlLCJjb250ZW50IjoicG9zdF9saW5rX3VybF9hdHRhY2htZW50Iiwic2V0dGluZ3MiOnsicG9zdF9pZCI6IjI5MzY4In19@&#8220; url_new_window=&#8220;on&#8220; button_text=&#8220;Allgemeine Gesch\u00e4ftsbedingungen &#8211; Celsa-Charmettes SA&#8220; _builder_version=&#8220;4.27.4&#8243; _dynamic_attributes=&#8220;button_url&#8220; _module_preset=&#8220;default&#8220; custom_button=&#8220;on&#8220; button_text_size=&#8220;19px&#8220; button_bg_color=&#8220;RGBA(255,255,255,0)&#8220; button_border_width=&#8220;0px&#8220; button_font=&#8220;||||on||||&#8220; button_use_icon=&#8220;off&#8220; custom_margin=&#8220;||8px|||&#8220; custom_padding=&#8220;||0px|0px|false|false&#8220; button_text_size_tablet=&#8220;19px&#8220; button_text_size_phone=&#8220;18px&#8220; button_text_size_last_edited=&#8220;on|phone&#8220; global_colors_info=&#8220;{}&#8220;][\/et_pb_button][et_pb_button button_url=&#8220;@ET-DC@eyJkeW5hbWljIjp0cnVlLCJjb250ZW50IjoicG9zdF9saW5rX3VybF9hdHRhY2htZW50Iiwic2V0dGluZ3MiOnsicG9zdF9pZCI6IjI5MzcwIn19@&#8220; url_new_window=&#8220;on&#8220; button_text=&#8220;Datenschutzerkl\u00e4rung &#8211; Celsa-Charmettes SA&#8220; _builder_version=&#8220;4.27.4&#8243; _dynamic_attributes=&#8220;button_url&#8220; _module_preset=&#8220;default&#8220; custom_button=&#8220;on&#8220; button_text_size=&#8220;19px&#8220; button_bg_color=&#8220;RGBA(255,255,255,0)&#8220; button_border_width=&#8220;0px&#8220; button_font=&#8220;||||on||||&#8220; button_use_icon=&#8220;off&#8220; custom_margin=&#8220;||8px|||&#8220; custom_padding=&#8220;||0px|0px|false|false&#8220; button_text_size_tablet=&#8220;19px&#8220; button_text_size_phone=&#8220;18px&#8220; button_text_size_last_edited=&#8220;on|phone&#8220; global_colors_info=&#8220;{}&#8220;][\/et_pb_button][et_pb_button button_url=&#8220;@ET-DC@eyJkeW5hbWljIjp0cnVlLCJjb250ZW50IjoicG9zdF9saW5rX3VybF9hdHRhY2htZW50Iiwic2V0dGluZ3MiOnsicG9zdF9pZCI6IjI5MzY3In19@&#8220; url_new_window=&#8220;on&#8220; button_text=&#8220;Allgemeine Gesch\u00e4ftsbedingungen &#8211; Celsa-Charmettes SA&#8220; _builder_version=&#8220;4.27.4&#8243; _dynamic_attributes=&#8220;button_url&#8220; _module_preset=&#8220;default&#8220; custom_button=&#8220;on&#8220; button_text_size=&#8220;19px&#8220; button_bg_color=&#8220;RGBA(255,255,255,0)&#8220; button_border_width=&#8220;0px&#8220; button_font=&#8220;||||on||||&#8220; button_use_icon=&#8220;off&#8220; custom_margin=&#8220;||8px|||&#8220; custom_padding=&#8220;||0px|0px|false|false&#8220; button_text_size_tablet=&#8220;19px&#8220; button_text_size_phone=&#8220;18px&#8220; button_text_size_last_edited=&#8220;on|phone&#8220; global_colors_info=&#8220;{}&#8220;][\/et_pb_button][et_pb_button button_url=&#8220;@ET-DC@eyJkeW5hbWljIjp0cnVlLCJjb250ZW50IjoicG9zdF9saW5rX3VybF9hdHRhY2htZW50Iiwic2V0dGluZ3MiOnsicG9zdF9pZCI6IjI5MzY5In19@&#8220; url_new_window=&#8220;on&#8220; button_text=&#8220;Datenschutzerkl\u00e4rungen &#8211; Celsa-Charmettes SA&#8220; _builder_version=&#8220;4.27.4&#8243; _dynamic_attributes=&#8220;button_url&#8220; _module_preset=&#8220;default&#8220; custom_button=&#8220;on&#8220; button_text_size=&#8220;19px&#8220; button_bg_color=&#8220;RGBA(255,255,255,0)&#8220; button_border_width=&#8220;0px&#8220; button_font=&#8220;||||on||||&#8220; button_use_icon=&#8220;off&#8220; custom_margin=&#8220;||8px|||&#8220; custom_padding=&#8220;||0px|0px|false|false&#8220; button_text_size_tablet=&#8220;19px&#8220; button_text_size_phone=&#8220;18px&#8220; button_text_size_last_edited=&#8220;on|phone&#8220; global_colors_info=&#8220;{}&#8220;][\/et_pb_button][\/et_pb_column][\/et_pb_row][\/et_pb_section]<\/p>\n","protected":false},"excerpt":{"rendered":"<p>Downloads Im Folgenden finden Sie einige Dokumente, die f\u00fcr Sie n\u00fctzlich sein k\u00f6nnten. Wenn Sie nicht finden, was Sie suchen, helfen wir Ihnen gerne telefonisch oder per E-Mail weiter. Sicherheitsdatenbl\u00e4tterTabellenTankstellenAllgemeine Bedingungen<\/p>\n","protected":false},"author":3,"featured_media":0,"parent":0,"menu_order":0,"comment_status":"closed","ping_status":"closed","template":"","meta":{"_et_pb_use_builder":"on","_et_pb_old_content":"","_et_gb_content_width":"","footnotes":""},"class_list":["post-31713","page","type-page","status-publish","hentry"],"_links":{"self":[{"href":"https:\/\/dev.groupe-charmettes.ch\/de\/wp-json\/wp\/v2\/pages\/31713","targetHints":{"allow":["GET"]}}],"collection":[{"href":"https:\/\/dev.groupe-charmettes.ch\/de\/wp-json\/wp\/v2\/pages"}],"about":[{"href":"https:\/\/dev.groupe-charmettes.ch\/de\/wp-json\/wp\/v2\/types\/page"}],"author":[{"embeddable":true,"href":"https:\/\/dev.groupe-charmettes.ch\/de\/wp-json\/wp\/v2\/users\/3"}],"replies":[{"embeddable":true,"href":"https:\/\/dev.groupe-charmettes.ch\/de\/wp-json\/wp\/v2\/comments?post=31713"}],"version-history":[{"count":14,"href":"https:\/\/dev.groupe-charmettes.ch\/de\/wp-json\/wp\/v2\/pages\/31713\/revisions"}],"predecessor-version":[{"id":33310,"href":"https:\/\/dev.groupe-charmettes.ch\/de\/wp-json\/wp\/v2\/pages\/31713\/revisions\/33310"}],"wp:attachment":[{"href":"https:\/\/dev.groupe-charmettes.ch\/de\/wp-json\/wp\/v2\/media?parent=31713"}],"curies":[{"name":"wp","href":"https:\/\/api.w.org\/{rel}","templated":true}]}}