{"id":31701,"date":"2024-12-19T15:38:13","date_gmt":"2024-12-19T14:38:13","guid":{"rendered":"https:\/\/dev.groupe-charmettes.ch\/unsere-tankstellen\/"},"modified":"2025-08-21T11:38:48","modified_gmt":"2025-08-21T09:38:48","slug":"unsere-tankstellen","status":"publish","type":"page","link":"https:\/\/dev.groupe-charmettes.ch\/de\/unsere-tankstellen\/","title":{"rendered":"Unsere Tankstellen"},"content":{"rendered":"<p>[et_pb_section fb_built=&#8220;1&#8243; module_class=&#8220;hero-degrade-lg&#8220; _builder_version=&#8220;4.27.4&#8243; _module_preset=&#8220;default&#8220; background_enable_color=&#8220;off&#8220; background_image=&#8220;https:\/\/dev.groupe-charmettes.ch\/wp-content\/uploads\/2025\/01\/Station-service-Celsa-Romont-header-scaled.webp&#8220; background_enable_video_mp4=&#8220;off&#8220; min_height=&#8220;68vh&#8220; min_height_tablet=&#8220;100vh&#8220; min_height_phone=&#8220;40vh&#8220; min_height_last_edited=&#8220;on|tablet&#8220; custom_margin=&#8220;0px||0px||false|false&#8220; custom_padding=&#8220;0px||0px||false|false&#8220; global_colors_info=&#8220;{}&#8220;][\/et_pb_section][et_pb_section fb_built=&#8220;1&#8243; custom_padding_last_edited=&#8220;on|phone&#8220; _builder_version=&#8220;4.27.4&#8243; _module_preset=&#8220;default&#8220; background_color=&#8220;#1C4540&#8243; custom_margin=&#8220;0px||0px||false|false&#8220; custom_padding=&#8220;20px||20px||false|false&#8220; custom_padding_tablet=&#8220;&#8220; custom_padding_phone=&#8220;10px||||false|false&#8220; global_colors_info=&#8220;{}&#8220;][et_pb_row custom_padding_last_edited=&#8220;on|phone&#8220; _builder_version=&#8220;4.27.4&#8243; _module_preset=&#8220;default&#8220; custom_padding_tablet=&#8220;&#8220; custom_padding_phone=&#8220;15px||5px||false|false&#8220; global_colors_info=&#8220;{}&#8220;][et_pb_column type=&#8220;4_4&#8243; _builder_version=&#8220;4.27.4&#8243; _module_preset=&#8220;default&#8220; global_colors_info=&#8220;{}&#8220;][et_pb_text content_tablet=&#8220;<\/p>\n<h1><strong>Celsa-Charmettes SA<\/strong><\/h1>\n<p><span>Ihr Partner f\u00fcr Heiz\u00f6l und Kraftstoffe seit \u00fcber 100 Jahren im Kanton Freiburg.<\/span><\/p>\n<p>&#8220; content_phone=&#8220;<\/p>\n<h1><strong>Celsa-Charmettes SA<\/strong><\/h1>\n<p><span>Ihr Partner f\u00fcr Heiz\u00f6l und Kraftstoffe seit \u00fcber 100 Jahren im Kanton Freiburg.<\/span><\/p>\n<p>&#8220; content_last_edited=&#8220;off|desktop&#8220; _builder_version=&#8220;4.27.4&#8243; _module_preset=&#8220;default&#8220; text_text_color=&#8220;#F3F4EE&#8220; text_font_size=&#8220;26px&#8220; text_line_height=&#8220;1.1em&#8220; header_text_color=&#8220;#F3F4EE&#8220; header_font_size=&#8220;65px&#8220; text_font_size_tablet=&#8220;&#8220; text_font_size_phone=&#8220;18px&#8220; text_font_size_last_edited=&#8220;on|phone&#8220; header_font_size_tablet=&#8220;45px&#8220; header_font_size_phone=&#8220;27px&#8220; header_font_size_last_edited=&#8220;on|phone&#8220; custom_css_free_form=&#8220;.et_pb_text h1 {||    margin-bottom: 10px;||}&#8220; global_colors_info=&#8220;{}&#8220;]<\/p>\n<h1><strong>Unsere Tankstellen<\/strong><\/h1>\n<p><span>Tanken Sie an einer unserer Tankstellen und sparen Sie mit der CelsaCard!<\/span><\/p>\n<p>[\/et_pb_text][\/et_pb_column][\/et_pb_row][\/et_pb_section][et_pb_section fb_built=&#8220;1&#8243; _builder_version=&#8220;4.27.4&#8243; _module_preset=&#8220;default&#8220; background_color=&#8220;#F3F4EE&#8220; custom_padding=&#8220;||||false|false&#8220; global_colors_info=&#8220;{}&#8220;][et_pb_row _builder_version=&#8220;4.27.4&#8243; _module_preset=&#8220;default&#8220; custom_padding=&#8220;0px||||false|false&#8220; animation_style=&#8220;slide&#8220; animation_direction=&#8220;bottom&#8220; animation_duration=&#8220;650ms&#8220; animation_delay=&#8220;300ms&#8220; animation_intensity_slide=&#8220;10%&#8220; global_colors_info=&#8220;{}&#8220;][et_pb_column type=&#8220;4_4&#8243; _builder_version=&#8220;4.27.4&#8243; _module_preset=&#8220;default&#8220; global_colors_info=&#8220;{}&#8220;][et_pb_code _builder_version=&#8220;4.27.4&#8243; _module_preset=&#8220;default&#8220; width_tablet=&#8220;&#8220; width_phone=&#8220;&#8220; width_last_edited=&#8220;on|phone&#8220; global_colors_info=&#8220;{}&#8220;]<iframe loading=\"lazy\" src=\"https:\/\/www.google.com\/maps\/d\/embed?mid=1Y_G2xLlXtPJhMg_NdIzxdD8DxTkGSqw&#038;ehbc=2E312F&#038;noprof=1\" width=\"100%\" height=\"600\"><\/iframe>[\/et_pb_code][\/et_pb_column][\/et_pb_row][et_pb_row column_structure=&#8220;1_2,1_2&#8243; custom_padding_last_edited=&#8220;on|phone&#8220; disabled_on=&#8220;on|on|off&#8220; _builder_version=&#8220;4.27.4&#8243; _module_preset=&#8220;default&#8220; background_color=&#8220;#F3F4EE&#8220; custom_margin=&#8220;50px||50px||false|false&#8220; custom_margin_tablet=&#8220;50px||||false|false&#8220; custom_margin_phone=&#8220;0px||0px||false|false&#8220; custom_margin_last_edited=&#8220;on|phone&#8220; custom_padding=&#8220;30px||25px||false|false&#8220; custom_padding_tablet=&#8220;30px|2%|0px|2%|false|false&#8220; custom_padding_phone=&#8220;3%|0px|2%|0px|false|false&#8220; animation_style=&#8220;slide&#8220; animation_direction=&#8220;bottom&#8220; animation_duration=&#8220;650ms&#8220; animation_delay=&#8220;300ms&#8220; animation_intensity_slide=&#8220;10%&#8220; border_radii=&#8220;on|20px|20px|20px|20px&#8220; border_color_all=&#8220;rgba(71,120,122,0.21)&#8220; border_width_all_tablet=&#8220;2px&#8220; border_width_all_phone=&#8220;1px&#8220; border_width_all_last_edited=&#8220;on|phone&#8220; box_shadow_style=&#8220;preset2&#8243; global_colors_info=&#8220;{}&#8220;][et_pb_column type=&#8220;1_2&#8243; _builder_version=&#8220;4.27.4&#8243; _module_preset=&#8220;default&#8220; custom_padding=&#8220;|||2%|false|false&#8220; global_colors_info=&#8220;{}&#8220;][et_pb_text _builder_version=&#8220;4.27.4&#8243; _module_preset=&#8220;default&#8220; text_text_color=&#8220;#1C4540&#8243; header_text_color=&#8220;#1C4540&#8243; header_2_font=&#8220;|600|||||||&#8220; header_2_text_color=&#8220;#1C4540&#8243; header_2_font_size_tablet=&#8220;&#8220; header_2_font_size_phone=&#8220;24px&#8220; header_2_font_size_last_edited=&#8220;on|phone&#8220; global_colors_info=&#8220;{}&#8220;]<\/p>\n<h2>CelsaCard<\/h2>\n<p><span><\/span><\/p>\n<p><span>Das Tanken an unseren Tankstellen war noch nie so einfach und g\u00fcnstig.<\/span><span><\/span><\/p>\n<p><span>Profitieren Sie von -4 Rp.\/Liter Rabatt auf Treibstoff. <\/span><span><\/span><\/p>\n<p><span><\/span><span>Sie k\u00f6nnen das Antragsformular f\u00fcr die Karte herunterladen, indem Sie unten klicken :<\/span><\/p>\n<p>[\/et_pb_text][et_pb_button button_url=&#8220;@ET-DC@eyJkeW5hbWljIjp0cnVlLCJjb250ZW50IjoicG9zdF9saW5rX3VybF9hdHRhY2htZW50Iiwic2V0dGluZ3MiOnsicG9zdF9pZCI6IjI5Mzc0In19@&#8220; url_new_window=&#8220;on&#8220; button_text=&#8220;Formular herunterladen&#8220; _builder_version=&#8220;4.27.4&#8243; _dynamic_attributes=&#8220;button_url&#8220; _module_preset=&#8220;default&#8220; custom_button=&#8220;on&#8220; button_text_size=&#8220;16px&#8220; button_text_color=&#8220;#F3F4EE&#8220; button_bg_color=&#8220;#47787A&#8220; button_border_width=&#8220;0px&#8220; button_border_color=&#8220;#F3F4EE&#8220; button_border_radius=&#8220;57px&#8220; button_use_icon=&#8220;off&#8220; custom_margin=&#8220;||||false|false&#8220; custom_padding=&#8220;10px||10px||false|false&#8220; global_colors_info=&#8220;{}&#8220; button_bg_color__hover_enabled=&#8220;on|hover&#8220; button_bg_color__hover=&#8220;#FED201&#8243; button_bg_enable_color__hover=&#8220;on&#8220; button_text_color__hover_enabled=&#8220;on|desktop&#8220; button_text_color__hover=&#8220;#F3F4EE&#8220;][\/et_pb_button][\/et_pb_column][et_pb_column type=&#8220;1_2&#8243; _builder_version=&#8220;4.27.4&#8243; _module_preset=&#8220;default&#8220; custom_padding=&#8220;||||false|false&#8220; global_colors_info=&#8220;{}&#8220;][et_pb_image src=&#8220;https:\/\/dev.groupe-charmettes.ch\/wp-content\/uploads\/2025\/01\/CelsaCard.png&#8220; title_text=&#8220;CelsaCard&#8220; align_last_edited=&#8220;off|desktop&#8220; _builder_version=&#8220;4.27.4&#8243; _module_preset=&#8220;default&#8220; custom_margin=&#8220;||||false|false&#8220; custom_margin_tablet=&#8220;||||false|false&#8220; custom_margin_phone=&#8220;||||false|false&#8220; custom_margin_last_edited=&#8220;on|phone&#8220; custom_padding=&#8220;||||false|false&#8220; custom_padding_tablet=&#8220;||||false|false&#8220; custom_padding_phone=&#8220;||||false|false&#8220; custom_padding_last_edited=&#8220;on|phone&#8220; global_colors_info=&#8220;{}&#8220;][\/et_pb_image][\/et_pb_column][\/et_pb_row][et_pb_row column_structure=&#8220;1_2,1_2&#8243; custom_padding_last_edited=&#8220;on|phone&#8220; disabled_on=&#8220;on|on|off&#8220; _builder_version=&#8220;4.27.4&#8243; _module_preset=&#8220;default&#8220; background_color=&#8220;#F3F4EE&#8220; custom_margin=&#8220;97px||50px||false|false&#8220; custom_margin_tablet=&#8220;50px||||false|false&#8220; custom_margin_phone=&#8220;||||false|false&#8220; custom_margin_last_edited=&#8220;on|phone&#8220; custom_padding=&#8220;0px|0px|0px|0px|false|false&#8220; custom_padding_tablet=&#8220;30px|2%|0px|2%|false|false&#8220; custom_padding_phone=&#8220;0px|0px|12%|0px|false|false&#8220; animation_style=&#8220;slide&#8220; animation_direction=&#8220;bottom&#8220; animation_duration=&#8220;650ms&#8220; animation_delay=&#8220;300ms&#8220; animation_intensity_slide=&#8220;10%&#8220; border_radii=&#8220;on|20px|20px|20px|20px&#8220; border_color_all=&#8220;rgba(71,120,122,0.21)&#8220; border_width_all_tablet=&#8220;2px&#8220; border_width_all_phone=&#8220;1px&#8220; border_width_all_last_edited=&#8220;on|phone&#8220; box_shadow_style=&#8220;preset2&#8243; global_colors_info=&#8220;{}&#8220;][et_pb_column type=&#8220;1_2&#8243; _builder_version=&#8220;4.27.4&#8243; _module_preset=&#8220;default&#8220; custom_padding=&#8220;||||false|false&#8220; global_colors_info=&#8220;{}&#8220;][et_pb_image src=&#8220;https:\/\/dev.groupe-charmettes.ch\/wp-content\/uploads\/2025\/07\/Celsawash1-scaled.webp&#8220; title_text=&#8220;Celsawash1&#8243; align=&#8220;center&#8220; align_last_edited=&#8220;off|desktop&#8220; _builder_version=&#8220;4.27.4&#8243; _module_preset=&#8220;default&#8220; custom_margin=&#8220;||||false|false&#8220; custom_margin_tablet=&#8220;||||false|false&#8220; custom_margin_phone=&#8220;||||false|false&#8220; custom_margin_last_edited=&#8220;on|phone&#8220; custom_padding=&#8220;||||false|false&#8220; custom_padding_tablet=&#8220;||||false|false&#8220; custom_padding_phone=&#8220;||||false|false&#8220; custom_padding_last_edited=&#8220;on|phone&#8220; border_radii=&#8220;on|20px|20px|20px|20px&#8220; global_colors_info=&#8220;{}&#8220;][\/et_pb_image][\/et_pb_column][et_pb_column type=&#8220;1_2&#8243; _builder_version=&#8220;4.27.4&#8243; _module_preset=&#8220;default&#8220; custom_padding=&#8220;|||2%|false|false&#8220; global_colors_info=&#8220;{}&#8220;][et_pb_text _builder_version=&#8220;4.27.4&#8243; _module_preset=&#8220;default&#8220; text_text_color=&#8220;#1C4540&#8243; header_text_color=&#8220;#1C4540&#8243; header_2_font=&#8220;|600|||||||&#8220; header_2_text_color=&#8220;#1C4540&#8243; custom_padding=&#8220;5%|5%|||false|false&#8220; custom_padding_tablet=&#8220;1px||||false|false&#8220; custom_padding_phone=&#8220;5%||||false|false&#8220; custom_padding_last_edited=&#8220;on|tablet&#8220; hover_enabled=&#8220;0&#8243; header_2_font_size_tablet=&#8220;&#8220; header_2_font_size_phone=&#8220;24px&#8220; header_2_font_size_last_edited=&#8220;on|phone&#8220; global_colors_info=&#8220;{}&#8220; sticky_enabled=&#8220;0&#8243; custom_margin=&#8220;||||false|false&#8220;]<\/p>\n<h2>Neu !<\/h2>\n<p><span><\/span><\/p>\n<p>Entdecken Sie unseren komplett renovierten Carwash in Romont!<\/p>\n<p>[\/et_pb_text][et_pb_button button_url=&#8220;@ET-DC@eyJkeW5hbWljIjp0cnVlLCJjb250ZW50IjoicG9zdF9saW5rX3VybF9wYWdlIiwic2V0dGluZ3MiOnsicG9zdF9pZCI6IjMzMDY3In19@&#8220; url_new_window=&#8220;on&#8220; button_text=&#8220;Mehr erfahren&#8220; _builder_version=&#8220;4.27.4&#8243; _dynamic_attributes=&#8220;button_url&#8220; _module_preset=&#8220;default&#8220; custom_button=&#8220;on&#8220; button_text_size=&#8220;16px&#8220; button_text_color=&#8220;#F3F4EE&#8220; button_bg_color=&#8220;#47787A&#8220; button_border_width=&#8220;0px&#8220; button_border_color=&#8220;#F3F4EE&#8220; button_border_radius=&#8220;57px&#8220; button_use_icon=&#8220;off&#8220; custom_margin=&#8220;||||false|false&#8220; custom_padding=&#8220;10px||10px||false|false&#8220; global_colors_info=&#8220;{}&#8220; button_bg_color__hover_enabled=&#8220;on|hover&#8220; button_bg_color__hover=&#8220;#FED201&#8243; button_bg_enable_color__hover=&#8220;on&#8220; button_text_color__hover_enabled=&#8220;on|desktop&#8220; button_text_color__hover=&#8220;#F3F4EE&#8220;][\/et_pb_button][\/et_pb_column][\/et_pb_row][et_pb_row column_structure=&#8220;1_2,1_2&#8243; custom_padding_last_edited=&#8220;on|phone&#8220; disabled_on=&#8220;off|off|on&#8220; _builder_version=&#8220;4.27.4&#8243; _module_preset=&#8220;default&#8220; background_color=&#8220;#F3F4EE&#8220; custom_margin=&#8220;50px||50px||false|false&#8220; custom_margin_tablet=&#8220;50px||||false|false&#8220; custom_margin_phone=&#8220;0px||0px||false|false&#8220; custom_margin_last_edited=&#8220;on|phone&#8220; custom_padding=&#8220;30px||25px||false|false&#8220; custom_padding_tablet=&#8220;30px|2%|0px|2%|false|false&#8220; custom_padding_phone=&#8220;0px|0%|10%|0%|false|false&#8220; border_radii=&#8220;on|20px|20px|20px|20px&#8220; border_color_all=&#8220;rgba(71,120,122,0.21)&#8220; border_width_all_tablet=&#8220;2px&#8220; border_width_all_phone=&#8220;1px&#8220; border_width_all_last_edited=&#8220;on|phone&#8220; box_shadow_style=&#8220;preset2&#8243; global_colors_info=&#8220;{}&#8220;][et_pb_column type=&#8220;1_2&#8243; _builder_version=&#8220;4.27.4&#8243; _module_preset=&#8220;default&#8220; custom_padding=&#8220;||||false|false&#8220; global_colors_info=&#8220;{}&#8220;][et_pb_image src=&#8220;https:\/\/dev.groupe-charmettes.ch\/wp-content\/uploads\/2025\/07\/Celsacard-mobile.png&#8220; title_text=&#8220;Celsacard mobile&#8220; align_last_edited=&#8220;off|desktop&#8220; _builder_version=&#8220;4.27.4&#8243; _module_preset=&#8220;default&#8220; width=&#8220;100%&#8220; max_width=&#8220;100%&#8220; custom_margin=&#8220;||||false|false&#8220; custom_margin_tablet=&#8220;||||false|false&#8220; custom_margin_phone=&#8220;||||false|false&#8220; custom_margin_last_edited=&#8220;on|phone&#8220; custom_padding=&#8220;||||false|false&#8220; custom_padding_tablet=&#8220;||||false|false&#8220; custom_padding_phone=&#8220;5%|5%||5%|false|false&#8220; custom_padding_last_edited=&#8220;on|phone&#8220; global_colors_info=&#8220;{}&#8220;][\/et_pb_image][\/et_pb_column][et_pb_column type=&#8220;1_2&#8243; _builder_version=&#8220;4.27.4&#8243; _module_preset=&#8220;default&#8220; custom_padding=&#8220;|5%||5%|false|false&#8220; global_colors_info=&#8220;{}&#8220;][et_pb_text _builder_version=&#8220;4.27.4&#8243; _module_preset=&#8220;default&#8220; text_text_color=&#8220;#1C4540&#8243; header_text_color=&#8220;#1C4540&#8243; header_2_font=&#8220;|600|||||||&#8220; header_2_text_color=&#8220;#1C4540&#8243; header_2_font_size_tablet=&#8220;&#8220; header_2_font_size_phone=&#8220;24px&#8220; header_2_font_size_last_edited=&#8220;on|phone&#8220; global_colors_info=&#8220;{}&#8220;]<\/p>\n<h2>CelsaCard<span><\/span><\/h2>\n<p><span><\/span><\/p>\n<p><span>Das Tanken an unseren Tankstellen war noch nie so einfach und g\u00fcnstig.<\/span><span><\/span><\/p>\n<p><span>Profitieren Sie von -4 Rp.\/Liter Rabatt auf Treibstoff. <\/span><span><\/span><\/p>\n<p><span><\/span><span>Sie k\u00f6nnen das Antragsformular f\u00fcr die Karte herunterladen, indem Sie unten klicken :<\/span><\/p>\n<p>[\/et_pb_text][et_pb_button button_url=&#8220;@ET-DC@eyJkeW5hbWljIjp0cnVlLCJjb250ZW50IjoicG9zdF9saW5rX3VybF9hdHRhY2htZW50Iiwic2V0dGluZ3MiOnsicG9zdF9pZCI6IjI5Mzc0In19@&#8220; url_new_window=&#8220;on&#8220; button_text=&#8220;Formular herunterladen&#8220; button_alignment=&#8220;center&#8220; _builder_version=&#8220;4.27.4&#8243; _dynamic_attributes=&#8220;button_url&#8220; _module_preset=&#8220;default&#8220; custom_button=&#8220;on&#8220; button_text_size=&#8220;16px&#8220; button_text_color=&#8220;#F3F4EE&#8220; button_bg_color=&#8220;#47787A&#8220; button_border_width=&#8220;0px&#8220; button_border_color=&#8220;#F3F4EE&#8220; button_border_radius=&#8220;57px&#8220; button_use_icon=&#8220;off&#8220; custom_margin=&#8220;||||false|false&#8220; custom_padding=&#8220;10px||10px||false|false&#8220; global_colors_info=&#8220;{}&#8220; button_bg_color__hover_enabled=&#8220;on|hover&#8220; button_bg_color__hover=&#8220;#FED201&#8243; button_bg_enable_color__hover=&#8220;on&#8220; button_text_color__hover_enabled=&#8220;on|desktop&#8220; button_text_color__hover=&#8220;#F3F4EE&#8220;][\/et_pb_button][\/et_pb_column][\/et_pb_row][et_pb_row column_structure=&#8220;1_2,1_2&#8243; custom_padding_last_edited=&#8220;on|phone&#8220; disabled_on=&#8220;off|off|on&#8220; _builder_version=&#8220;4.27.4&#8243; _module_preset=&#8220;default&#8220; background_color=&#8220;#F3F4EE&#8220; custom_margin=&#8220;50px||50px||false|false&#8220; custom_margin_tablet=&#8220;50px||||false|false&#8220; custom_margin_phone=&#8220;||||false|false&#8220; custom_margin_last_edited=&#8220;on|phone&#8220; custom_padding=&#8220;30px||25px||false|false&#8220; custom_padding_tablet=&#8220;30px|2%|0px|2%|false|false&#8220; custom_padding_phone=&#8220;0px|0%|10%|0%|false|false&#8220; border_radii=&#8220;on|20px|20px|20px|20px&#8220; border_color_all=&#8220;rgba(71,120,122,0.21)&#8220; border_width_all_tablet=&#8220;2px&#8220; border_width_all_phone=&#8220;1px&#8220; border_width_all_last_edited=&#8220;on|phone&#8220; box_shadow_style=&#8220;preset2&#8243; global_colors_info=&#8220;{}&#8220;][et_pb_column type=&#8220;1_2&#8243; _builder_version=&#8220;4.27.4&#8243; _module_preset=&#8220;default&#8220; custom_padding=&#8220;||||false|false&#8220; global_colors_info=&#8220;{}&#8220;][et_pb_image src=&#8220;https:\/\/dev.groupe-charmettes.ch\/wp-content\/uploads\/2025\/07\/Celsawash1-scaled.webp&#8220; title_text=&#8220;Celsawash1&#8243; align_last_edited=&#8220;off|desktop&#8220; _builder_version=&#8220;4.27.4&#8243; _module_preset=&#8220;default&#8220; width=&#8220;100%&#8220; max_width=&#8220;100%&#8220; custom_margin=&#8220;||||false|false&#8220; custom_margin_tablet=&#8220;||||false|false&#8220; custom_margin_phone=&#8220;||||false|false&#8220; custom_margin_last_edited=&#8220;on|phone&#8220; custom_padding=&#8220;||||false|false&#8220; custom_padding_tablet=&#8220;||||false|false&#8220; custom_padding_phone=&#8220;0px|0px|0px|0px|false|false&#8220; custom_padding_last_edited=&#8220;on|phone&#8220; border_radii=&#8220;off|20px|20px||&#8220; global_colors_info=&#8220;{}&#8220;][\/et_pb_image][\/et_pb_column][et_pb_column type=&#8220;1_2&#8243; _builder_version=&#8220;4.27.4&#8243; _module_preset=&#8220;default&#8220; custom_padding=&#8220;|5%||5%|false|false&#8220; global_colors_info=&#8220;{}&#8220;][et_pb_text _builder_version=&#8220;4.27.4&#8243; _module_preset=&#8220;default&#8220; text_text_color=&#8220;#1C4540&#8243; header_text_color=&#8220;#1C4540&#8243; header_2_font=&#8220;|600|||||||&#8220; header_2_text_color=&#8220;#1C4540&#8243; header_2_font_size_tablet=&#8220;&#8220; header_2_font_size_phone=&#8220;24px&#8220; header_2_font_size_last_edited=&#8220;on|phone&#8220; global_colors_info=&#8220;{}&#8220;]<\/p>\n<h2>Neu !<span><\/span><\/h2>\n<p><span><\/span><\/p>\n<p>Entdecken Sie unseren komplett renovierten Carwash in Romont!<\/p>\n<p>[\/et_pb_text][et_pb_button button_url=&#8220;@ET-DC@eyJkeW5hbWljIjp0cnVlLCJjb250ZW50IjoicG9zdF9saW5rX3VybF9wYWdlIiwic2V0dGluZ3MiOnsicG9zdF9pZCI6IjMzMDY3In19@&#8220; url_new_window=&#8220;on&#8220; button_text=&#8220;Mehr erfahren&#8220; button_alignment=&#8220;center&#8220; _builder_version=&#8220;4.27.4&#8243; _dynamic_attributes=&#8220;button_url&#8220; _module_preset=&#8220;default&#8220; custom_button=&#8220;on&#8220; button_text_size=&#8220;16px&#8220; button_text_color=&#8220;#F3F4EE&#8220; button_bg_color=&#8220;#47787A&#8220; button_border_width=&#8220;0px&#8220; button_border_color=&#8220;#F3F4EE&#8220; button_border_radius=&#8220;57px&#8220; button_use_icon=&#8220;off&#8220; custom_margin=&#8220;||||false|false&#8220; custom_padding=&#8220;10px||10px||false|false&#8220; global_colors_info=&#8220;{}&#8220; button_bg_color__hover_enabled=&#8220;on|hover&#8220; button_bg_color__hover=&#8220;#FED201&#8243; button_bg_enable_color__hover=&#8220;on&#8220; button_text_color__hover_enabled=&#8220;on|desktop&#8220; button_text_color__hover=&#8220;#F3F4EE&#8220;][\/et_pb_button][\/et_pb_column][\/et_pb_row][\/et_pb_section]<\/p>\n","protected":false},"excerpt":{"rendered":"<p>Unsere Tankstellen Tanken Sie an einer unserer Tankstellen und sparen Sie mit der CelsaCard!CelsaCard Das Tanken an unseren Tankstellen war noch nie so einfach und g\u00fcnstig. Profitieren Sie von -4 Rp.\/Liter Rabatt auf Treibstoff. Sie k\u00f6nnen das Antragsformular f\u00fcr die Karte herunterladen, indem Sie unten klicken :Neu ! Entdecken Sie unseren komplett renovierten Carwash in [&hellip;]<\/p>\n","protected":false},"author":3,"featured_media":0,"parent":0,"menu_order":0,"comment_status":"closed","ping_status":"closed","template":"","meta":{"_et_pb_use_builder":"on","_et_pb_old_content":"","_et_gb_content_width":"","footnotes":""},"class_list":["post-31701","page","type-page","status-publish","hentry"],"_links":{"self":[{"href":"https:\/\/dev.groupe-charmettes.ch\/de\/wp-json\/wp\/v2\/pages\/31701","targetHints":{"allow":["GET"]}}],"collection":[{"href":"https:\/\/dev.groupe-charmettes.ch\/de\/wp-json\/wp\/v2\/pages"}],"about":[{"href":"https:\/\/dev.groupe-charmettes.ch\/de\/wp-json\/wp\/v2\/types\/page"}],"author":[{"embeddable":true,"href":"https:\/\/dev.groupe-charmettes.ch\/de\/wp-json\/wp\/v2\/users\/3"}],"replies":[{"embeddable":true,"href":"https:\/\/dev.groupe-charmettes.ch\/de\/wp-json\/wp\/v2\/comments?post=31701"}],"version-history":[{"count":26,"href":"https:\/\/dev.groupe-charmettes.ch\/de\/wp-json\/wp\/v2\/pages\/31701\/revisions"}],"predecessor-version":[{"id":34434,"href":"https:\/\/dev.groupe-charmettes.ch\/de\/wp-json\/wp\/v2\/pages\/31701\/revisions\/34434"}],"wp:attachment":[{"href":"https:\/\/dev.groupe-charmettes.ch\/de\/wp-json\/wp\/v2\/media?parent=31701"}],"curies":[{"name":"wp","href":"https:\/\/api.w.org\/{rel}","templated":true}]}}