{"id":31697,"date":"2025-01-14T08:54:43","date_gmt":"2025-01-14T07:54:43","guid":{"rendered":"https:\/\/dev.groupe-charmettes.ch\/margot-mazout\/"},"modified":"2025-08-18T15:28:01","modified_gmt":"2025-08-18T13:28:01","slug":"margot-mazout","status":"publish","type":"page","link":"https:\/\/dev.groupe-charmettes.ch\/de\/margot-mazout\/","title":{"rendered":"Margot Mazout"},"content":{"rendered":"<p>[et_pb_section fb_built=&#8220;1&#8243; module_class=&#8220;hero-degrade-md&#8220; _builder_version=&#8220;4.27.4&#8243; _module_preset=&#8220;default&#8220; background_enable_color=&#8220;off&#8220; background_enable_image=&#8220;off&#8220; background_video_mp4=&#8220;https:\/\/dev.groupe-charmettes.ch\/wp-content\/uploads\/2025\/01\/Celsa_bandeau_Bole_v2.mov&#8220; min_height=&#8220;68vh&#8220; min_height_tablet=&#8220;100vh&#8220; min_height_phone=&#8220;40vh&#8220; min_height_last_edited=&#8220;on|tablet&#8220; custom_margin=&#8220;0px||0px||false|false&#8220; custom_padding=&#8220;0px||0px||false|false&#8220; global_colors_info=&#8220;{}&#8220;][\/et_pb_section][et_pb_section fb_built=&#8220;1&#8243; custom_padding_last_edited=&#8220;on|phone&#8220; _builder_version=&#8220;4.27.4&#8243; _module_preset=&#8220;default&#8220; background_color=&#8220;#1C4540&#8243; custom_margin=&#8220;0px||0px||false|false&#8220; custom_padding=&#8220;20px||20px||false|false&#8220; custom_padding_tablet=&#8220;&#8220; custom_padding_phone=&#8220;10px||||false|false&#8220; global_colors_info=&#8220;{}&#8220;][et_pb_row custom_padding_last_edited=&#8220;on|phone&#8220; _builder_version=&#8220;4.27.4&#8243; _module_preset=&#8220;default&#8220; custom_padding_tablet=&#8220;&#8220; custom_padding_phone=&#8220;15px||5px||false|false&#8220; global_colors_info=&#8220;{}&#8220;][et_pb_column type=&#8220;4_4&#8243; _builder_version=&#8220;4.27.4&#8243; _module_preset=&#8220;default&#8220; global_colors_info=&#8220;{}&#8220;][et_pb_text content_tablet=&#8220;<\/p>\n<h1><strong>Celsa-Charmettes SA<\/strong><\/h1>\n<p><span>Ihr Partner f\u00fcr Heiz\u00f6l und Kraftstoffe seit \u00fcber 100 Jahren im Kanton Freiburg.<\/span><\/p>\n<p>&#8220; content_phone=&#8220;<\/p>\n<h1><strong>Celsa-Charmettes SA<\/strong><\/h1>\n<p><span>Ihr Partner f\u00fcr Heiz\u00f6l und Kraftstoffe seit \u00fcber 100 Jahren im Kanton Freiburg.<\/span><\/p>\n<p>&#8220; content_last_edited=&#8220;off|desktop&#8220; _builder_version=&#8220;4.27.4&#8243; _module_preset=&#8220;default&#8220; text_text_color=&#8220;#F3F4EE&#8220; text_font_size=&#8220;26px&#8220; text_line_height=&#8220;1.1em&#8220; header_text_color=&#8220;#F3F4EE&#8220; header_font_size=&#8220;65px&#8220; text_font_size_tablet=&#8220;&#8220; text_font_size_phone=&#8220;18px&#8220; text_font_size_last_edited=&#8220;on|phone&#8220; header_font_size_tablet=&#8220;45px&#8220; header_font_size_phone=&#8220;27px&#8220; header_font_size_last_edited=&#8220;on|phone&#8220; custom_css_free_form=&#8220;.et_pb_text h1 {||    margin-bottom: 10px;||}&#8220; global_colors_info=&#8220;{}&#8220;]<\/p>\n<h1><strong>Margot Mazout<\/strong><\/h1>\n<p><span>Ihr Partner f\u00fcr Heiz\u00f6l und Kraftstoffe in der Region Neuenburg und Jura.<\/span><\/p>\n<p>[\/et_pb_text][\/et_pb_column][\/et_pb_row][\/et_pb_section][et_pb_section fb_built=&#8220;1&#8243; custom_padding_last_edited=&#8220;on|desktop&#8220; _builder_version=&#8220;4.27.4&#8243; _module_preset=&#8220;default&#8220; background_color=&#8220;#F3F4EE&#8220; custom_padding=&#8220;50px||||false|false&#8220; custom_padding_tablet=&#8220;30px||||false|false&#8220; custom_padding_phone=&#8220;10px||||false|false&#8220; global_colors_info=&#8220;{}&#8220;][et_pb_row custom_padding_last_edited=&#8220;on|phone&#8220; _builder_version=&#8220;4.27.4&#8243; _module_preset=&#8220;default&#8220; custom_margin=&#8220;||||false|false&#8220; custom_padding=&#8220;0px||60px||false|false&#8220; custom_padding_tablet=&#8220;0px||0px||false|false&#8220; custom_padding_phone=&#8220;0px||5%||false|false&#8220; global_colors_info=&#8220;{}&#8220;][et_pb_column type=&#8220;4_4&#8243; _builder_version=&#8220;4.27.4&#8243; _module_preset=&#8220;default&#8220; global_colors_info=&#8220;{}&#8220;][et_pb_text _builder_version=&#8220;4.27.4&#8243; _module_preset=&#8220;default&#8220; text_font=&#8220;|300|||||||&#8220; header_2_font=&#8220;|600|||||||&#8220; hover_enabled=&#8220;0&#8243; header_2_font_size_tablet=&#8220;&#8220; header_2_font_size_phone=&#8220;24px&#8220; header_2_font_size_last_edited=&#8220;on|phone&#8220; custom_css_free_form=&#8220;.et_pb_text h2 {||    margin-bottom: 10px;||}||.et_pb_text h2 {||    margin-top: 23px;||}&#8220; global_colors_info=&#8220;{}&#8220; sticky_enabled=&#8220;0&#8243;]<\/p>\n<h2><span>Das Unternehmen<\/span><span><\/span><\/h2>\n<p>Margot Mazout mit Sitz in B\u00f4le ist ein anerkannter Akteur f\u00fcr die Lieferung von Heiz\u00f6l und Treibstoffen in den Kantonen Neuenburg und Jura. Dank unserer lokalen Pr\u00e4senz gew\u00e4hrleisten wir schnelle Lieferungen und einen zuverl\u00e4ssigen Service, sowohl f\u00fcr Privatpersonen als auch f\u00fcr Gewerbetreibende. <\/p>\n<p>Parallel dazu arbeiten wir mit Checkciternes, einem Experten f\u00fcr <span style=\"text-decoration: underline;\"><a href=\"https:\/\/dev.groupe-charmettes.ch\/de\/tankrevision\/\">alle Dienstleistungen rund um Tanks<\/a><\/span>, zusammen, um auf Ihre Bed\u00fcrfnisse zugeschnittene Wartungs-, Installations-, Nachr\u00fcstungs- und Au\u00dferbetriebnahmeleistungen anbieten zu k\u00f6nnen.<\/p>\n<p>[\/et_pb_text][\/et_pb_column][\/et_pb_row][et_pb_row custom_padding_last_edited=&#8220;on|phone&#8220; _builder_version=&#8220;4.27.4&#8243; _module_preset=&#8220;default&#8220; custom_margin=&#8220;||||false|false&#8220; custom_padding=&#8220;0px||0px||false|false&#8220; custom_padding_tablet=&#8220;0px||0px||false|false&#8220; custom_padding_phone=&#8220;0px||0px||false|false&#8220; global_colors_info=&#8220;{}&#8220;][et_pb_column type=&#8220;4_4&#8243; _builder_version=&#8220;4.27.4&#8243; _module_preset=&#8220;default&#8220; global_colors_info=&#8220;{}&#8220;][et_pb_text _builder_version=&#8220;4.27.4&#8243; _module_preset=&#8220;default&#8220; text_font=&#8220;|300|||||||&#8220; header_2_font=&#8220;|600|||||||&#8220; header_2_font_size_tablet=&#8220;&#8220; header_2_font_size_phone=&#8220;24px&#8220; header_2_font_size_last_edited=&#8220;on|phone&#8220; custom_css_free_form=&#8220;.et_pb_text h2 {||    margin-bottom: 10px;||}||.et_pb_text h2 {||    margin-top: 23px;||}&#8220; global_colors_info=&#8220;{}&#8220;]<\/p>\n<h2>Brauchen Sie eine Auskunft?<\/h2>\n<p>Unser Team steht Ihnen f\u00fcr alle Fragen und Anliegen zur Verf\u00fcgung. Kontaktieren Sie uns ohne zu z\u00f6gern! <\/p>\n<p>[\/et_pb_text][et_pb_button button_url=&#8220;tel:0041328438400&#8243; button_text=&#8220;032 843 84 00&#8243; button_alignment_tablet=&#8220;&#8220; button_alignment_phone=&#8220;center&#8220; button_alignment_last_edited=&#8220;on|phone&#8220; _builder_version=&#8220;4.27.4&#8243; _module_preset=&#8220;default&#8220; custom_button=&#8220;on&#8220; button_text_color=&#8220;#F3F4EE&#8220; button_bg_color=&#8220;#47787A&#8220; button_border_radius=&#8220;69px&#8220; button_use_icon=&#8220;off&#8220; custom_margin=&#8220;||2%||false|false&#8220; custom_margin_tablet=&#8220;||2%||false|false&#8220; custom_margin_phone=&#8220;||5%||false|false&#8220; custom_margin_last_edited=&#8220;on|phone&#8220; custom_padding=&#8220;||||false|false&#8220; button_text_size_tablet=&#8220;&#8220; button_text_size_phone=&#8220;18px&#8220; button_text_size_last_edited=&#8220;on|phone&#8220; global_colors_info=&#8220;{}&#8220; button_bg_color__hover_enabled=&#8220;on|desktop&#8220; button_bg_color__hover=&#8220;#FED201&#8243; button_bg_enable_color__hover=&#8220;on&#8220;][\/et_pb_button][et_pb_button button_url=&#8220;mailto:info@margotmazout.ch&#8220; button_text=&#8220;info@margotmazout.ch&#8220; button_alignment_tablet=&#8220;&#8220; button_alignment_phone=&#8220;center&#8220; button_alignment_last_edited=&#8220;on|phone&#8220; _builder_version=&#8220;4.27.4&#8243; _module_preset=&#8220;default&#8220; custom_button=&#8220;on&#8220; button_text_color=&#8220;#F3F4EE&#8220; button_bg_color=&#8220;#47787A&#8220; button_border_radius=&#8220;69px&#8220; button_use_icon=&#8220;off&#8220; button_text_size_tablet=&#8220;&#8220; button_text_size_phone=&#8220;18px&#8220; button_text_size_last_edited=&#8220;on|phone&#8220; global_colors_info=&#8220;{}&#8220; button_bg_color__hover_enabled=&#8220;on|desktop&#8220; button_bg_color__hover=&#8220;#FED201&#8243; button_bg_enable_color__hover=&#8220;on&#8220;][\/et_pb_button][\/et_pb_column][\/et_pb_row][\/et_pb_section]<\/p>\n","protected":false},"excerpt":{"rendered":"<p>Margot Mazout Ihr Partner f\u00fcr Heiz\u00f6l und Kraftstoffe in der Region Neuenburg und Jura.Das Unternehmen Margot Mazout mit Sitz in B\u00f4le ist ein anerkannter Akteur f\u00fcr die Lieferung von Heiz\u00f6l und Treibstoffen in den Kantonen Neuenburg und Jura. Dank unserer lokalen Pr\u00e4senz gew\u00e4hrleisten wir schnelle Lieferungen und einen zuverl\u00e4ssigen Service, sowohl f\u00fcr Privatpersonen als auch [&hellip;]<\/p>\n","protected":false},"author":3,"featured_media":0,"parent":0,"menu_order":0,"comment_status":"closed","ping_status":"closed","template":"","meta":{"_et_pb_use_builder":"on","_et_pb_old_content":"","_et_gb_content_width":"","footnotes":""},"class_list":["post-31697","page","type-page","status-publish","hentry"],"_links":{"self":[{"href":"https:\/\/dev.groupe-charmettes.ch\/de\/wp-json\/wp\/v2\/pages\/31697","targetHints":{"allow":["GET"]}}],"collection":[{"href":"https:\/\/dev.groupe-charmettes.ch\/de\/wp-json\/wp\/v2\/pages"}],"about":[{"href":"https:\/\/dev.groupe-charmettes.ch\/de\/wp-json\/wp\/v2\/types\/page"}],"author":[{"embeddable":true,"href":"https:\/\/dev.groupe-charmettes.ch\/de\/wp-json\/wp\/v2\/users\/3"}],"replies":[{"embeddable":true,"href":"https:\/\/dev.groupe-charmettes.ch\/de\/wp-json\/wp\/v2\/comments?post=31697"}],"version-history":[{"count":15,"href":"https:\/\/dev.groupe-charmettes.ch\/de\/wp-json\/wp\/v2\/pages\/31697\/revisions"}],"predecessor-version":[{"id":34265,"href":"https:\/\/dev.groupe-charmettes.ch\/de\/wp-json\/wp\/v2\/pages\/31697\/revisions\/34265"}],"wp:attachment":[{"href":"https:\/\/dev.groupe-charmettes.ch\/de\/wp-json\/wp\/v2\/media?parent=31697"}],"curies":[{"name":"wp","href":"https:\/\/api.w.org\/{rel}","templated":true}]}}